{"id":1732,"date":"2022-09-23T13:08:26","date_gmt":"2022-09-23T13:08:26","guid":{"rendered":"https:\/\/stupefied-swanson.116-202-61-150.plesk.page\/?page_id=1732"},"modified":"2022-09-23T13:49:31","modified_gmt":"2022-09-23T13:49:31","slug":"covid-19","status":"publish","type":"page","link":"https:\/\/www.mpbrandschutz.de\/?page_id=1732","title":{"rendered":"Covid19"},"content":{"rendered":"\t\t<div data-elementor-type=\"wp-page\" data-elementor-id=\"1732\" class=\"elementor elementor-1732\" data-elementor-post-type=\"page\">\n\t\t\t\t\t\t<section class=\"has_eae_slider elementor-section elementor-top-section elementor-element elementor-element-9080adc elementor-section-boxed elementor-section-height-default elementor-section-height-default\" data-eae-slider=\"25823\" data-id=\"9080adc\" data-element_type=\"section\" data-e-type=\"section\" data-settings=\"{&quot;background_background&quot;:&quot;classic&quot;}\">\n\t\t\t\t\t\t<div class=\"elementor-container elementor-column-gap-default\">\n\t\t\t\t\t<div class=\"has_eae_slider elementor-column elementor-col-100 elementor-top-column elementor-element elementor-element-d0b9457\" data-eae-slider=\"24664\" data-id=\"d0b9457\" data-element_type=\"column\" data-e-type=\"column\">\n\t\t\t<div class=\"elementor-widget-wrap elementor-element-populated\">\n\t\t\t\t\t\t<div class=\"elementor-element elementor-element-0057a43 elementor-widget elementor-widget-spacer\" data-id=\"0057a43\" data-element_type=\"widget\" data-e-type=\"widget\" data-widget_type=\"spacer.default\">\n\t\t\t\t<div class=\"elementor-widget-container\">\n\t\t\t\t\t\t\t<div class=\"elementor-spacer\">\n\t\t\t<div class=\"elementor-spacer-inner\"><\/div>\n\t\t<\/div>\n\t\t\t\t\t\t<\/div>\n\t\t\t\t<\/div>\n\t\t\t\t<section class=\"has_eae_slider elementor-section elementor-inner-section elementor-element elementor-element-5f183c0 elementor-section-boxed elementor-section-height-default elementor-section-height-default\" data-eae-slider=\"49428\" data-id=\"5f183c0\" data-element_type=\"section\" data-e-type=\"section\">\n\t\t\t\t\t\t<div class=\"elementor-container elementor-column-gap-default\">\n\t\t\t\t\t<div class=\"has_eae_slider elementor-column elementor-col-50 elementor-inner-column elementor-element elementor-element-b2cfc1f\" data-eae-slider=\"37815\" data-id=\"b2cfc1f\" data-element_type=\"column\" data-e-type=\"column\">\n\t\t\t<div class=\"elementor-widget-wrap elementor-element-populated\">\n\t\t\t\t\t\t<div class=\"elementor-element elementor-element-4902349 elementor-widget elementor-widget-heading\" data-id=\"4902349\" data-element_type=\"widget\" data-e-type=\"widget\" data-widget_type=\"heading.default\">\n\t\t\t\t<div class=\"elementor-widget-container\">\n\t\t\t\t\t<h3 class=\"elementor-heading-title elementor-size-default\">Covid19<\/h3>\t\t\t\t<\/div>\n\t\t\t\t<\/div>\n\t\t\t\t<div class=\"elementor-element elementor-element-7051998 elementor-widget elementor-widget-text-editor\" data-id=\"7051998\" data-element_type=\"widget\" data-e-type=\"widget\" data-widget_type=\"text-editor.default\">\n\t\t\t\t<div class=\"elementor-widget-container\">\n\t\t\t\t\t\t\t\t\t<p>Hygieneregeln zur Durchf\u00fchrung von Brandschutzunterweisungen<\/p><p>Aufgrund der aktuellen Situation m\u00fcssen diverse Regeln eingehalten werden,um die Gesundheit der Schulungsteilnehmer und Referenten zu sch\u00fctzen. Im Vorfeld sind alle Teilnehmer zu befragen, ob sie in den letzen 14 Tagen Kontakt zu COVID 19 infizierten Personen hatten bzw. Symptome bei sich erkennen, die auf einen Verdacht hinweisen. Dies ist auf der Teilnehmerliste zu dokumentieren.<\/p>\t\t\t\t\t\t\t\t<\/div>\n\t\t\t\t<\/div>\n\t\t\t\t\t<\/div>\n\t\t<\/div>\n\t\t\t\t<div class=\"has_eae_slider elementor-column elementor-col-50 elementor-inner-column elementor-element elementor-element-d3f7ee9\" data-eae-slider=\"92950\" data-id=\"d3f7ee9\" data-element_type=\"column\" data-e-type=\"column\">\n\t\t\t<div class=\"elementor-widget-wrap elementor-element-populated\">\n\t\t\t\t\t\t<div class=\"elementor-element elementor-element-ef85bf2 elementor-widget elementor-widget-image\" data-id=\"ef85bf2\" data-element_type=\"widget\" data-e-type=\"widget\" data-widget_type=\"image.default\">\n\t\t\t\t<div class=\"elementor-widget-container\">\n\t\t\t\t\t\t\t\t\t\t\t\t\t\t\t<img fetchpriority=\"high\" decoding=\"async\" width=\"1024\" height=\"682\" src=\"https:\/\/www.mpbrandschutz.de\/wp-content\/uploads\/2022\/09\/covid-19-coronavirus-dystopia-4987797-1024x682.jpg\" class=\"attachment-large size-large wp-image-1737\" alt=\"covid 19, coronavirus, dystopia-4987797.jpg\" srcset=\"https:\/\/www.mpbrandschutz.de\/wp-content\/uploads\/2022\/09\/covid-19-coronavirus-dystopia-4987797-1024x682.jpg 1024w, https:\/\/www.mpbrandschutz.de\/wp-content\/uploads\/2022\/09\/covid-19-coronavirus-dystopia-4987797-300x200.jpg 300w, https:\/\/www.mpbrandschutz.de\/wp-content\/uploads\/2022\/09\/covid-19-coronavirus-dystopia-4987797-768x512.jpg 768w, https:\/\/www.mpbrandschutz.de\/wp-content\/uploads\/2022\/09\/covid-19-coronavirus-dystopia-4987797.jpg 1280w\" sizes=\"(max-width: 1024px) 100vw, 1024px\" \/>\t\t\t\t\t\t\t\t\t\t\t\t\t\t\t<\/div>\n\t\t\t\t<\/div>\n\t\t\t\t\t<\/div>\n\t\t<\/div>\n\t\t\t\t\t<\/div>\n\t\t<\/section>\n\t\t\t\t<section class=\"has_eae_slider elementor-section elementor-inner-section elementor-element elementor-element-34f8c37 elementor-section-boxed elementor-section-height-default elementor-section-height-default\" data-eae-slider=\"83835\" data-id=\"34f8c37\" data-element_type=\"section\" data-e-type=\"section\">\n\t\t\t\t\t\t<div class=\"elementor-container elementor-column-gap-default\">\n\t\t\t\t\t<div class=\"has_eae_slider elementor-column elementor-col-100 elementor-inner-column elementor-element elementor-element-4b365b9\" data-eae-slider=\"67260\" data-id=\"4b365b9\" data-element_type=\"column\" data-e-type=\"column\">\n\t\t\t<div class=\"elementor-widget-wrap elementor-element-populated\">\n\t\t\t\t\t\t<div class=\"elementor-element elementor-element-8c7fd17 elementor-widget elementor-widget-spacer\" data-id=\"8c7fd17\" data-element_type=\"widget\" data-e-type=\"widget\" data-widget_type=\"spacer.default\">\n\t\t\t\t<div class=\"elementor-widget-container\">\n\t\t\t\t\t\t\t<div class=\"elementor-spacer\">\n\t\t\t<div class=\"elementor-spacer-inner\"><\/div>\n\t\t<\/div>\n\t\t\t\t\t\t<\/div>\n\t\t\t\t<\/div>\n\t\t\t\t<div class=\"elementor-element elementor-element-ed63267 elementor-widget elementor-widget-text-editor\" data-id=\"ed63267\" data-element_type=\"widget\" data-e-type=\"widget\" data-widget_type=\"text-editor.default\">\n\t\t\t\t<div class=\"elementor-widget-container\">\n\t\t\t\t\t\t\t\t\t<p>Personen, die Symptome von Erk\u00e4ltungskrankheiten zeigen, d\u00fcrfen nicht ander Veranstaltung teilnehmen.<\/p><p>Folgende Hygieneregeln bitten wir zu beachten:<\/p>\t\t\t\t\t\t\t\t<\/div>\n\t\t\t\t<\/div>\n\t\t\t\t\t<\/div>\n\t\t<\/div>\n\t\t\t\t\t<\/div>\n\t\t<\/section>\n\t\t\t\t<section class=\"has_eae_slider elementor-section elementor-inner-section elementor-element elementor-element-780ae38 elementor-section-boxed elementor-section-height-default elementor-section-height-default\" data-eae-slider=\"7162\" data-id=\"780ae38\" data-element_type=\"section\" data-e-type=\"section\">\n\t\t\t\t\t\t<div class=\"elementor-container elementor-column-gap-default\">\n\t\t\t\t\t<div class=\"has_eae_slider elementor-column elementor-col-100 elementor-inner-column elementor-element elementor-element-4b43afc\" data-eae-slider=\"95501\" data-id=\"4b43afc\" data-element_type=\"column\" data-e-type=\"column\">\n\t\t\t<div class=\"elementor-widget-wrap elementor-element-populated\">\n\t\t\t\t\t\t<div class=\"elementor-element elementor-element-6b26507 elementor-widget elementor-widget-text-editor\" data-id=\"6b26507\" data-element_type=\"widget\" data-e-type=\"widget\" data-widget_type=\"text-editor.default\">\n\t\t\t\t<div class=\"elementor-widget-container\">\n\t\t\t\t\t\t\t\t\t<ul><li>Ein Abstand von mindestens 1,5 m zwischen den Personen ist einzuhalten, pers\u00f6nliche<br \/>Kontakte sind zu minimieren.<\/li><li>In den Pausenzeiten und auf den G\u00e4ngen ist ein Mund und Nasenschutz zu tragen.<\/li><li>Die Teilnehmer m\u00fcssen im Schulungsraum mindestens 1,5 m\u00a0 entfernt voneinander<br \/>sitzen.<\/li><li>Vor und nach dem Seminar ist der Raum zu l\u00fcften.<\/li><li>Es ist ausreichend Desinfektionsmittel zur H\u00e4ndedesinfektion an leicht zug\u00e4nglichen<br \/>Orten bzw. Toiletten zur Verf\u00fcgung zu stellen.<\/li><li>Die Ger\u00e4tschaften f\u00fcr die praktischen Unterweisungen sind vor und nach der Schulung<br \/>mit Fl\u00e4chendesinfektion zu reinigen.<\/li><\/ul>\t\t\t\t\t\t\t\t<\/div>\n\t\t\t\t<\/div>\n\t\t\t\t\t<\/div>\n\t\t<\/div>\n\t\t\t\t\t<\/div>\n\t\t<\/section>\n\t\t\t\t<div class=\"elementor-element elementor-element-6fc79a9 elementor-widget elementor-widget-spacer\" data-id=\"6fc79a9\" data-element_type=\"widget\" data-e-type=\"widget\" data-widget_type=\"spacer.default\">\n\t\t\t\t<div class=\"elementor-widget-container\">\n\t\t\t\t\t\t\t<div class=\"elementor-spacer\">\n\t\t\t<div class=\"elementor-spacer-inner\"><\/div>\n\t\t<\/div>\n\t\t\t\t\t\t<\/div>\n\t\t\t\t<\/div>\n\t\t\t\t\t<\/div>\n\t\t<\/div>\n\t\t\t\t\t<\/div>\n\t\t<\/section>\n\t\t\t\t<\/div>\n\t\t","protected":false},"excerpt":{"rendered":"<p>Covid19 Hygieneregeln zur Durchf\u00fchrung von Brandschutzunterweisungen Aufgrund der aktuellen Situation m\u00fcssen diverse Regeln eingehalten werden,um die Gesundheit der Schulungsteilnehmer und Referenten zu sch\u00fctzen. Im Vorfeld sind alle Teilnehmer zu befragen, ob sie in den letzen 14 Tagen Kontakt zu COVID 19 infizierten Personen hatten bzw. Symptome bei sich erkennen, die auf einen Verdacht hinweisen. Dies [&hellip;]<\/p>\n","protected":false},"author":2,"featured_media":0,"parent":0,"menu_order":0,"comment_status":"closed","ping_status":"closed","template":"","meta":{"site-sidebar-layout":"no-sidebar","site-content-layout":"page-builder","ast-site-content-layout":"default","site-content-style":"default","site-sidebar-style":"default","ast-global-header-display":"","ast-banner-title-visibility":"","ast-main-header-display":"","ast-hfb-above-header-display":"","ast-hfb-below-header-display":"","ast-hfb-mobile-header-display":"","site-post-title":"disabled","ast-breadcrumbs-content":"","ast-featured-img":"disabled","footer-sml-layout":"","ast-disable-related-posts":"","theme-transparent-header-meta":"","adv-header-id-meta":"","stick-header-meta":"","header-above-stick-meta":"","header-main-stick-meta":"","header-below-stick-meta":"","astra-migrate-meta-layouts":"default","ast-page-background-enabled":"default","ast-page-background-meta":{"desktop":{"background-color":"","background-image":"","background-repeat":"repeat","background-position":"center center","background-size":"auto","background-attachment":"scroll","background-type":"","background-media":"","overlay-type":"","overlay-color":"","overlay-opacity":"","overlay-gradient":""},"tablet":{"background-color":"","background-image":"","background-repeat":"repeat","background-position":"center center","background-size":"auto","background-attachment":"scroll","background-type":"","background-media":"","overlay-type":"","overlay-color":"","overlay-opacity":"","overlay-gradient":""},"mobile":{"background-color":"","background-image":"","background-repeat":"repeat","background-position":"center center","background-size":"auto","background-attachment":"scroll","background-type":"","background-media":"","overlay-type":"","overlay-color":"","overlay-opacity":"","overlay-gradient":""}},"ast-content-background-meta":{"desktop":{"background-color":"var(--ast-global-color-5)","background-image":"","background-repeat":"repeat","background-position":"center center","background-size":"auto","background-attachment":"scroll","background-type":"","background-media":"","overlay-type":"","overlay-color":"","overlay-opacity":"","overlay-gradient":""},"tablet":{"background-color":"var(--ast-global-color-5)","background-image":"","background-repeat":"repeat","background-position":"center center","background-size":"auto","background-attachment":"scroll","background-type":"","background-media":"","overlay-type":"","overlay-color":"","overlay-opacity":"","overlay-gradient":""},"mobile":{"background-color":"var(--ast-global-color-5)","background-image":"","background-repeat":"repeat","background-position":"center center","background-size":"auto","background-attachment":"scroll","background-type":"","background-media":"","overlay-type":"","overlay-color":"","overlay-opacity":"","overlay-gradient":""}},"footnotes":""},"class_list":["post-1732","page","type-page","status-publish","hentry"],"yoast_head":"<!-- This site is optimized with the Yoast SEO plugin v27.5 - https:\/\/yoast.com\/product\/yoast-seo-wordpress\/ -->\n<title>Covid19 - Security Services<\/title>\n<meta name=\"robots\" content=\"index, follow, max-snippet:-1, max-image-preview:large, max-video-preview:-1\" \/>\n<link rel=\"canonical\" href=\"https:\/\/www.mpbrandschutz.de\/?page_id=1732\" \/>\n<meta property=\"og:locale\" content=\"de_DE\" \/>\n<meta property=\"og:type\" content=\"article\" \/>\n<meta property=\"og:title\" content=\"Covid19 - Security Services\" \/>\n<meta property=\"og:description\" content=\"Covid19 Hygieneregeln zur Durchf\u00fchrung von Brandschutzunterweisungen Aufgrund der aktuellen Situation m\u00fcssen diverse Regeln eingehalten werden,um die Gesundheit der Schulungsteilnehmer und Referenten zu sch\u00fctzen. Im Vorfeld sind alle Teilnehmer zu befragen, ob sie in den letzen 14 Tagen Kontakt zu COVID 19 infizierten Personen hatten bzw. Symptome bei sich erkennen, die auf einen Verdacht hinweisen. Dies [&hellip;]\" \/>\n<meta property=\"og:url\" content=\"https:\/\/www.mpbrandschutz.de\/?page_id=1732\" \/>\n<meta property=\"og:site_name\" content=\"Security Services\" \/>\n<meta property=\"article:modified_time\" content=\"2022-09-23T13:49:31+00:00\" \/>\n<meta property=\"og:image\" content=\"https:\/\/www.mpbrandschutz.de\/wp-content\/uploads\/2022\/09\/covid-19-coronavirus-dystopia-4987797-1024x682.jpg\" \/>\n<meta name=\"twitter:card\" content=\"summary_large_image\" \/>\n<meta name=\"twitter:label1\" content=\"Gesch\u00e4tzte Lesezeit\" \/>\n\t<meta name=\"twitter:data1\" content=\"2\u00a0Minuten\" \/>\n<script type=\"application\/ld+json\" class=\"yoast-schema-graph\">{\"@context\":\"https:\\\/\\\/schema.org\",\"@graph\":[{\"@type\":\"WebPage\",\"@id\":\"https:\\\/\\\/www.mpbrandschutz.de\\\/?page_id=1732\",\"url\":\"https:\\\/\\\/www.mpbrandschutz.de\\\/?page_id=1732\",\"name\":\"Covid19 - Security Services\",\"isPartOf\":{\"@id\":\"https:\\\/\\\/www.mpbrandschutz.de\\\/#website\"},\"primaryImageOfPage\":{\"@id\":\"https:\\\/\\\/www.mpbrandschutz.de\\\/?page_id=1732#primaryimage\"},\"image\":{\"@id\":\"https:\\\/\\\/www.mpbrandschutz.de\\\/?page_id=1732#primaryimage\"},\"thumbnailUrl\":\"https:\\\/\\\/www.mpbrandschutz.de\\\/wp-content\\\/uploads\\\/2022\\\/09\\\/covid-19-coronavirus-dystopia-4987797-1024x682.jpg\",\"datePublished\":\"2022-09-23T13:08:26+00:00\",\"dateModified\":\"2022-09-23T13:49:31+00:00\",\"breadcrumb\":{\"@id\":\"https:\\\/\\\/www.mpbrandschutz.de\\\/?page_id=1732#breadcrumb\"},\"inLanguage\":\"de\",\"potentialAction\":[{\"@type\":\"ReadAction\",\"target\":[\"https:\\\/\\\/www.mpbrandschutz.de\\\/?page_id=1732\"]}]},{\"@type\":\"ImageObject\",\"inLanguage\":\"de\",\"@id\":\"https:\\\/\\\/www.mpbrandschutz.de\\\/?page_id=1732#primaryimage\",\"url\":\"https:\\\/\\\/www.mpbrandschutz.de\\\/wp-content\\\/uploads\\\/2022\\\/09\\\/covid-19-coronavirus-dystopia-4987797.jpg\",\"contentUrl\":\"https:\\\/\\\/www.mpbrandschutz.de\\\/wp-content\\\/uploads\\\/2022\\\/09\\\/covid-19-coronavirus-dystopia-4987797.jpg\",\"width\":1280,\"height\":853,\"caption\":\"covid 19, coronavirus, dystopia-4987797.jpg\"},{\"@type\":\"BreadcrumbList\",\"@id\":\"https:\\\/\\\/www.mpbrandschutz.de\\\/?page_id=1732#breadcrumb\",\"itemListElement\":[{\"@type\":\"ListItem\",\"position\":1,\"name\":\"Startseite\",\"item\":\"https:\\\/\\\/www.mpbrandschutz.de\\\/\"},{\"@type\":\"ListItem\",\"position\":2,\"name\":\"Covid19\"}]},{\"@type\":\"WebSite\",\"@id\":\"https:\\\/\\\/www.mpbrandschutz.de\\\/#website\",\"url\":\"https:\\\/\\\/www.mpbrandschutz.de\\\/\",\"name\":\"Security Services\",\"description\":\"Your Trusted Security Services\",\"publisher\":{\"@id\":\"https:\\\/\\\/www.mpbrandschutz.de\\\/#organization\"},\"potentialAction\":[{\"@type\":\"SearchAction\",\"target\":{\"@type\":\"EntryPoint\",\"urlTemplate\":\"https:\\\/\\\/www.mpbrandschutz.de\\\/?s={search_term_string}\"},\"query-input\":{\"@type\":\"PropertyValueSpecification\",\"valueRequired\":true,\"valueName\":\"search_term_string\"}}],\"inLanguage\":\"de\"},{\"@type\":\"Organization\",\"@id\":\"https:\\\/\\\/www.mpbrandschutz.de\\\/#organization\",\"name\":\"Security Services\",\"url\":\"https:\\\/\\\/www.mpbrandschutz.de\\\/\",\"logo\":{\"@type\":\"ImageObject\",\"inLanguage\":\"de\",\"@id\":\"https:\\\/\\\/www.mpbrandschutz.de\\\/#\\\/schema\\\/logo\\\/image\\\/\",\"url\":\"https:\\\/\\\/www.mpbrandschutz.de\\\/wp-content\\\/uploads\\\/2022\\\/03\\\/2022-03-10_14h20_57.png\",\"contentUrl\":\"https:\\\/\\\/www.mpbrandschutz.de\\\/wp-content\\\/uploads\\\/2022\\\/03\\\/2022-03-10_14h20_57.png\",\"width\":352,\"height\":91,\"caption\":\"Security Services\"},\"image\":{\"@id\":\"https:\\\/\\\/www.mpbrandschutz.de\\\/#\\\/schema\\\/logo\\\/image\\\/\"}}]}<\/script>\n<!-- \/ Yoast SEO plugin. -->","yoast_head_json":{"title":"Covid19 - Security Services","robots":{"index":"index","follow":"follow","max-snippet":"max-snippet:-1","max-image-preview":"max-image-preview:large","max-video-preview":"max-video-preview:-1"},"canonical":"https:\/\/www.mpbrandschutz.de\/?page_id=1732","og_locale":"de_DE","og_type":"article","og_title":"Covid19 - Security Services","og_description":"Covid19 Hygieneregeln zur Durchf\u00fchrung von Brandschutzunterweisungen Aufgrund der aktuellen Situation m\u00fcssen diverse Regeln eingehalten werden,um die Gesundheit der Schulungsteilnehmer und Referenten zu sch\u00fctzen. Im Vorfeld sind alle Teilnehmer zu befragen, ob sie in den letzen 14 Tagen Kontakt zu COVID 19 infizierten Personen hatten bzw. Symptome bei sich erkennen, die auf einen Verdacht hinweisen. Dies [&hellip;]","og_url":"https:\/\/www.mpbrandschutz.de\/?page_id=1732","og_site_name":"Security Services","article_modified_time":"2022-09-23T13:49:31+00:00","og_image":[{"url":"https:\/\/www.mpbrandschutz.de\/wp-content\/uploads\/2022\/09\/covid-19-coronavirus-dystopia-4987797-1024x682.jpg","type":"","width":"","height":""}],"twitter_card":"summary_large_image","twitter_misc":{"Gesch\u00e4tzte Lesezeit":"2\u00a0Minuten"},"schema":{"@context":"https:\/\/schema.org","@graph":[{"@type":"WebPage","@id":"https:\/\/www.mpbrandschutz.de\/?page_id=1732","url":"https:\/\/www.mpbrandschutz.de\/?page_id=1732","name":"Covid19 - Security Services","isPartOf":{"@id":"https:\/\/www.mpbrandschutz.de\/#website"},"primaryImageOfPage":{"@id":"https:\/\/www.mpbrandschutz.de\/?page_id=1732#primaryimage"},"image":{"@id":"https:\/\/www.mpbrandschutz.de\/?page_id=1732#primaryimage"},"thumbnailUrl":"https:\/\/www.mpbrandschutz.de\/wp-content\/uploads\/2022\/09\/covid-19-coronavirus-dystopia-4987797-1024x682.jpg","datePublished":"2022-09-23T13:08:26+00:00","dateModified":"2022-09-23T13:49:31+00:00","breadcrumb":{"@id":"https:\/\/www.mpbrandschutz.de\/?page_id=1732#breadcrumb"},"inLanguage":"de","potentialAction":[{"@type":"ReadAction","target":["https:\/\/www.mpbrandschutz.de\/?page_id=1732"]}]},{"@type":"ImageObject","inLanguage":"de","@id":"https:\/\/www.mpbrandschutz.de\/?page_id=1732#primaryimage","url":"https:\/\/www.mpbrandschutz.de\/wp-content\/uploads\/2022\/09\/covid-19-coronavirus-dystopia-4987797.jpg","contentUrl":"https:\/\/www.mpbrandschutz.de\/wp-content\/uploads\/2022\/09\/covid-19-coronavirus-dystopia-4987797.jpg","width":1280,"height":853,"caption":"covid 19, coronavirus, dystopia-4987797.jpg"},{"@type":"BreadcrumbList","@id":"https:\/\/www.mpbrandschutz.de\/?page_id=1732#breadcrumb","itemListElement":[{"@type":"ListItem","position":1,"name":"Startseite","item":"https:\/\/www.mpbrandschutz.de\/"},{"@type":"ListItem","position":2,"name":"Covid19"}]},{"@type":"WebSite","@id":"https:\/\/www.mpbrandschutz.de\/#website","url":"https:\/\/www.mpbrandschutz.de\/","name":"Security Services","description":"Your Trusted Security Services","publisher":{"@id":"https:\/\/www.mpbrandschutz.de\/#organization"},"potentialAction":[{"@type":"SearchAction","target":{"@type":"EntryPoint","urlTemplate":"https:\/\/www.mpbrandschutz.de\/?s={search_term_string}"},"query-input":{"@type":"PropertyValueSpecification","valueRequired":true,"valueName":"search_term_string"}}],"inLanguage":"de"},{"@type":"Organization","@id":"https:\/\/www.mpbrandschutz.de\/#organization","name":"Security Services","url":"https:\/\/www.mpbrandschutz.de\/","logo":{"@type":"ImageObject","inLanguage":"de","@id":"https:\/\/www.mpbrandschutz.de\/#\/schema\/logo\/image\/","url":"https:\/\/www.mpbrandschutz.de\/wp-content\/uploads\/2022\/03\/2022-03-10_14h20_57.png","contentUrl":"https:\/\/www.mpbrandschutz.de\/wp-content\/uploads\/2022\/03\/2022-03-10_14h20_57.png","width":352,"height":91,"caption":"Security Services"},"image":{"@id":"https:\/\/www.mpbrandschutz.de\/#\/schema\/logo\/image\/"}}]}},"_links":{"self":[{"href":"https:\/\/www.mpbrandschutz.de\/index.php?rest_route=\/wp\/v2\/pages\/1732","targetHints":{"allow":["GET"]}}],"collection":[{"href":"https:\/\/www.mpbrandschutz.de\/index.php?rest_route=\/wp\/v2\/pages"}],"about":[{"href":"https:\/\/www.mpbrandschutz.de\/index.php?rest_route=\/wp\/v2\/types\/page"}],"author":[{"embeddable":true,"href":"https:\/\/www.mpbrandschutz.de\/index.php?rest_route=\/wp\/v2\/users\/2"}],"replies":[{"embeddable":true,"href":"https:\/\/www.mpbrandschutz.de\/index.php?rest_route=%2Fwp%2Fv2%2Fcomments&post=1732"}],"version-history":[{"count":14,"href":"https:\/\/www.mpbrandschutz.de\/index.php?rest_route=\/wp\/v2\/pages\/1732\/revisions"}],"predecessor-version":[{"id":1791,"href":"https:\/\/www.mpbrandschutz.de\/index.php?rest_route=\/wp\/v2\/pages\/1732\/revisions\/1791"}],"wp:attachment":[{"href":"https:\/\/www.mpbrandschutz.de\/index.php?rest_route=%2Fwp%2Fv2%2Fmedia&parent=1732"}],"curies":[{"name":"wp","href":"https:\/\/api.w.org\/{rel}","templated":true}]}}