{"id":1632,"date":"2022-09-21T10:08:13","date_gmt":"2022-09-21T10:08:13","guid":{"rendered":"https:\/\/stupefied-swanson.116-202-61-150.plesk.page\/?page_id=1632"},"modified":"2022-10-06T16:38:34","modified_gmt":"2022-10-06T16:38:34","slug":"raeumungsuebungen","status":"publish","type":"page","link":"https:\/\/www.mpbrandschutz.de\/?page_id=1632","title":{"rendered":"R\u00e4umungs\u00fcbungen"},"content":{"rendered":"\t\t<div data-elementor-type=\"wp-page\" data-elementor-id=\"1632\" class=\"elementor elementor-1632\" data-elementor-post-type=\"page\">\n\t\t\t\t\t\t<section class=\"has_eae_slider elementor-section elementor-top-section elementor-element elementor-element-e7f84dd elementor-section-boxed elementor-section-height-default elementor-section-height-default\" data-eae-slider=\"96444\" data-id=\"e7f84dd\" data-element_type=\"section\" data-e-type=\"section\" data-settings=\"{&quot;background_background&quot;:&quot;classic&quot;}\">\n\t\t\t\t\t\t<div class=\"elementor-container elementor-column-gap-default\">\n\t\t\t\t\t<div class=\"has_eae_slider elementor-column elementor-col-100 elementor-top-column elementor-element elementor-element-432e5cd\" data-eae-slider=\"56799\" data-id=\"432e5cd\" data-element_type=\"column\" data-e-type=\"column\">\n\t\t\t<div class=\"elementor-widget-wrap elementor-element-populated\">\n\t\t\t\t\t\t<section class=\"has_eae_slider elementor-section elementor-inner-section elementor-element elementor-element-e9fff74 elementor-section-boxed elementor-section-height-default elementor-section-height-default\" data-eae-slider=\"91218\" data-id=\"e9fff74\" data-element_type=\"section\" data-e-type=\"section\">\n\t\t\t\t\t\t<div class=\"elementor-container elementor-column-gap-default\">\n\t\t\t\t\t<div class=\"has_eae_slider elementor-column elementor-col-50 elementor-inner-column elementor-element elementor-element-a34ebfb\" data-eae-slider=\"93222\" data-id=\"a34ebfb\" data-element_type=\"column\" data-e-type=\"column\">\n\t\t\t<div class=\"elementor-widget-wrap elementor-element-populated\">\n\t\t\t\t\t\t<div class=\"elementor-element elementor-element-c71ad5e elementor-widget elementor-widget-heading\" data-id=\"c71ad5e\" data-element_type=\"widget\" data-e-type=\"widget\" data-widget_type=\"heading.default\">\n\t\t\t\t<div class=\"elementor-widget-container\">\n\t\t\t\t\t<h3 class=\"elementor-heading-title elementor-size-default\">R\u00e4umungs\u00fcbungen<\/h3>\t\t\t\t<\/div>\n\t\t\t\t<\/div>\n\t\t\t\t<div class=\"elementor-element elementor-element-1d40ce7 elementor-widget elementor-widget-text-editor\" data-id=\"1d40ce7\" data-element_type=\"widget\" data-e-type=\"widget\" data-widget_type=\"text-editor.default\">\n\t\t\t\t<div class=\"elementor-widget-container\">\n\t\t\t\t\t\t\t\t\t<p><b>R\u00e4umungs\u00fcbungen in Krankenh\u00e4usern und Seniorenzentren<\/b><\/p><p>Extra f\u00fcr die Bed\u00fcrfnisse von sozialen Einrichtungen haben wir vor zwei Jahren eine 1,6 m gro\u00dfe Edelstahlbrandpuppe entwickelt, die eine brennende Person simuliert.<\/p>\t\t\t\t\t\t\t\t<\/div>\n\t\t\t\t<\/div>\n\t\t\t\t\t<\/div>\n\t\t<\/div>\n\t\t\t\t<div class=\"has_eae_slider elementor-column elementor-col-50 elementor-inner-column elementor-element elementor-element-7c8ef87\" data-eae-slider=\"77436\" data-id=\"7c8ef87\" data-element_type=\"column\" data-e-type=\"column\">\n\t\t\t<div class=\"elementor-widget-wrap elementor-element-populated\">\n\t\t\t\t\t\t<div class=\"elementor-element elementor-element-92e73f2 elementor-widget elementor-widget-image\" data-id=\"92e73f2\" data-element_type=\"widget\" data-e-type=\"widget\" data-widget_type=\"image.default\">\n\t\t\t\t<div class=\"elementor-widget-container\">\n\t\t\t\t\t\t\t\t\t\t\t\t\t\t\t<img fetchpriority=\"high\" decoding=\"async\" width=\"1024\" height=\"682\" src=\"https:\/\/www.mpbrandschutz.de\/wp-content\/uploads\/2022\/09\/escape-route-emergency-exit-escape-1040527-1024x682.jpg\" class=\"attachment-large size-large wp-image-1728\" alt=\"escape route, emergency exit, escape-1040527.jpg\" srcset=\"https:\/\/www.mpbrandschutz.de\/wp-content\/uploads\/2022\/09\/escape-route-emergency-exit-escape-1040527-1024x682.jpg 1024w, https:\/\/www.mpbrandschutz.de\/wp-content\/uploads\/2022\/09\/escape-route-emergency-exit-escape-1040527-300x200.jpg 300w, https:\/\/www.mpbrandschutz.de\/wp-content\/uploads\/2022\/09\/escape-route-emergency-exit-escape-1040527-768x511.jpg 768w, https:\/\/www.mpbrandschutz.de\/wp-content\/uploads\/2022\/09\/escape-route-emergency-exit-escape-1040527.jpg 1280w\" sizes=\"(max-width: 1024px) 100vw, 1024px\" \/>\t\t\t\t\t\t\t\t\t\t\t\t\t\t\t<\/div>\n\t\t\t\t<\/div>\n\t\t\t\t\t<\/div>\n\t\t<\/div>\n\t\t\t\t\t<\/div>\n\t\t<\/section>\n\t\t\t\t<section class=\"has_eae_slider elementor-section elementor-inner-section elementor-element elementor-element-b4ced9b elementor-section-boxed elementor-section-height-default elementor-section-height-default\" data-eae-slider=\"46496\" data-id=\"b4ced9b\" data-element_type=\"section\" data-e-type=\"section\">\n\t\t\t\t\t\t<div class=\"elementor-container elementor-column-gap-default\">\n\t\t\t\t\t<div class=\"has_eae_slider elementor-column elementor-col-100 elementor-inner-column elementor-element elementor-element-f7de202\" data-eae-slider=\"97049\" data-id=\"f7de202\" data-element_type=\"column\" data-e-type=\"column\">\n\t\t\t<div class=\"elementor-widget-wrap elementor-element-populated\">\n\t\t\t\t\t\t<div class=\"elementor-element elementor-element-5009927 elementor-widget elementor-widget-text-editor\" data-id=\"5009927\" data-element_type=\"widget\" data-e-type=\"widget\" data-widget_type=\"text-editor.default\">\n\t\t\t\t<div class=\"elementor-widget-container\">\n\t\t\t\t\t\t\t\t\t<p><span style=\"font-style: inherit; font-weight: inherit; color: var(--ast-global-color-3);\">Erstmalig in Deutschland kann nun jeder Mitarbeiter am Firetrainer \u00fcben, wie er reagieren und handeln w\u00fcrde. Diese Brandpuppe kann entweder mit einem Handfeuerl\u00f6scher oder einer Decke gel\u00f6scht werden.<\/span><\/p><p>Gerade in Krankenh\u00e4usern oder Seniorenzentren gilt es kranke, \u00e4ltere und bettl\u00e4gerige Personen schnellstens zu beruhigen oder zu evakuieren. L\u00f6scharbeiten m\u00fcssen routiniert und zielgerecht durchgef\u00fchrt werden.<\/p><p>Wir schulen bundesweit in vielen Kliniken und Altenheimen (z.B. Hamburg, Dresden, Frankfurt am Main und N\u00fcrnberg) wodurch wir in der Lage sind, Ihnen eine speziell auf Krankenh\u00e4user und Seniorenzentren abgestimmte Schulung anbieten zu k\u00f6nnen. Sowohl die Bilder als auch die vorgef\u00fchrten Filme zeigen den Umgang mit Patienten und die Gefahren in sozialen Einrichtungen.<\/p><p>In der Theorie erkl\u00e4ren wir u.a. warum eine vertikale oder horizontale R\u00e4umung einer Evakuierung vorzuziehen ist und zeigen, wie Brandabschnitte wirkungsvoll genutzt werden k\u00f6nnen. Der Flucht und Rettungsplan wird mit den Teilnehmern besprochen und es wird behandelt, wie baulicher Brandschutz erkannt und genutzt wird. Diese Punkte sind zu 100% auf Ihr Arbeitsumfeld abgestimmt.<\/p>\t\t\t\t\t\t\t\t<\/div>\n\t\t\t\t<\/div>\n\t\t\t\t\t<\/div>\n\t\t<\/div>\n\t\t\t\t\t<\/div>\n\t\t<\/section>\n\t\t\t\t<div class=\"elementor-element elementor-element-ce55eea elementor-widget elementor-widget-spacer\" data-id=\"ce55eea\" data-element_type=\"widget\" data-e-type=\"widget\" data-widget_type=\"spacer.default\">\n\t\t\t\t<div class=\"elementor-widget-container\">\n\t\t\t\t\t\t\t<div class=\"elementor-spacer\">\n\t\t\t<div class=\"elementor-spacer-inner\"><\/div>\n\t\t<\/div>\n\t\t\t\t\t\t<\/div>\n\t\t\t\t<\/div>\n\t\t\t\t\t<\/div>\n\t\t<\/div>\n\t\t\t\t\t<\/div>\n\t\t<\/section>\n\t\t\t\t<\/div>\n\t\t","protected":false},"excerpt":{"rendered":"<p>R\u00e4umungs\u00fcbungen R\u00e4umungs\u00fcbungen in Krankenh\u00e4usern und Seniorenzentren Extra f\u00fcr die Bed\u00fcrfnisse von sozialen Einrichtungen haben wir vor zwei Jahren eine 1,6 m gro\u00dfe Edelstahlbrandpuppe entwickelt, die eine brennende Person simuliert. Erstmalig in Deutschland kann nun jeder Mitarbeiter am Firetrainer \u00fcben, wie er reagieren und handeln w\u00fcrde. Diese Brandpuppe kann entweder mit einem Handfeuerl\u00f6scher oder einer Decke [&hellip;]<\/p>\n","protected":false},"author":2,"featured_media":0,"parent":0,"menu_order":0,"comment_status":"closed","ping_status":"closed","template":"","meta":{"site-sidebar-layout":"no-sidebar","site-content-layout":"page-builder","ast-site-content-layout":"default","site-content-style":"default","site-sidebar-style":"default","ast-global-header-display":"","ast-banner-title-visibility":"","ast-main-header-display":"","ast-hfb-above-header-display":"","ast-hfb-below-header-display":"","ast-hfb-mobile-header-display":"","site-post-title":"disabled","ast-breadcrumbs-content":"","ast-featured-img":"disabled","footer-sml-layout":"","ast-disable-related-posts":"","theme-transparent-header-meta":"","adv-header-id-meta":"","stick-header-meta":"","header-above-stick-meta":"","header-main-stick-meta":"","header-below-stick-meta":"","astra-migrate-meta-layouts":"default","ast-page-background-enabled":"default","ast-page-background-meta":{"desktop":{"background-color":"","background-image":"","background-repeat":"repeat","background-position":"center center","background-size":"auto","background-attachment":"scroll","background-type":"","background-media":"","overlay-type":"","overlay-color":"","overlay-opacity":"","overlay-gradient":""},"tablet":{"background-color":"","background-image":"","background-repeat":"repeat","background-position":"center center","background-size":"auto","background-attachment":"scroll","background-type":"","background-media":"","overlay-type":"","overlay-color":"","overlay-opacity":"","overlay-gradient":""},"mobile":{"background-color":"","background-image":"","background-repeat":"repeat","background-position":"center center","background-size":"auto","background-attachment":"scroll","background-type":"","background-media":"","overlay-type":"","overlay-color":"","overlay-opacity":"","overlay-gradient":""}},"ast-content-background-meta":{"desktop":{"background-color":"var(--ast-global-color-5)","background-image":"","background-repeat":"repeat","background-position":"center center","background-size":"auto","background-attachment":"scroll","background-type":"","background-media":"","overlay-type":"","overlay-color":"","overlay-opacity":"","overlay-gradient":""},"tablet":{"background-color":"var(--ast-global-color-5)","background-image":"","background-repeat":"repeat","background-position":"center center","background-size":"auto","background-attachment":"scroll","background-type":"","background-media":"","overlay-type":"","overlay-color":"","overlay-opacity":"","overlay-gradient":""},"mobile":{"background-color":"var(--ast-global-color-5)","background-image":"","background-repeat":"repeat","background-position":"center center","background-size":"auto","background-attachment":"scroll","background-type":"","background-media":"","overlay-type":"","overlay-color":"","overlay-opacity":"","overlay-gradient":""}},"footnotes":""},"class_list":["post-1632","page","type-page","status-publish","hentry"],"yoast_head":"<!-- This site is optimized with the Yoast SEO plugin v27.5 - https:\/\/yoast.com\/product\/yoast-seo-wordpress\/ -->\n<title>R\u00e4umungs\u00fcbungen - Security Services<\/title>\n<meta name=\"robots\" content=\"index, follow, max-snippet:-1, max-image-preview:large, max-video-preview:-1\" \/>\n<link rel=\"canonical\" href=\"https:\/\/www.mpbrandschutz.de\/?page_id=1632\" \/>\n<meta property=\"og:locale\" content=\"de_DE\" \/>\n<meta property=\"og:type\" content=\"article\" \/>\n<meta property=\"og:title\" content=\"R\u00e4umungs\u00fcbungen - Security Services\" \/>\n<meta property=\"og:description\" content=\"R\u00e4umungs\u00fcbungen R\u00e4umungs\u00fcbungen in Krankenh\u00e4usern und Seniorenzentren Extra f\u00fcr die Bed\u00fcrfnisse von sozialen Einrichtungen haben wir vor zwei Jahren eine 1,6 m gro\u00dfe Edelstahlbrandpuppe entwickelt, die eine brennende Person simuliert. Erstmalig in Deutschland kann nun jeder Mitarbeiter am Firetrainer \u00fcben, wie er reagieren und handeln w\u00fcrde. Diese Brandpuppe kann entweder mit einem Handfeuerl\u00f6scher oder einer Decke [&hellip;]\" \/>\n<meta property=\"og:url\" content=\"https:\/\/www.mpbrandschutz.de\/?page_id=1632\" \/>\n<meta property=\"og:site_name\" content=\"Security Services\" \/>\n<meta property=\"article:modified_time\" content=\"2022-10-06T16:38:34+00:00\" \/>\n<meta property=\"og:image\" content=\"https:\/\/www.mpbrandschutz.de\/wp-content\/uploads\/2022\/09\/escape-route-emergency-exit-escape-1040527-1024x682.jpg\" \/>\n<meta name=\"twitter:card\" content=\"summary_large_image\" \/>\n<meta name=\"twitter:label1\" content=\"Gesch\u00e4tzte Lesezeit\" \/>\n\t<meta name=\"twitter:data1\" content=\"2\u00a0Minuten\" \/>\n<script type=\"application\/ld+json\" class=\"yoast-schema-graph\">{\"@context\":\"https:\\\/\\\/schema.org\",\"@graph\":[{\"@type\":\"WebPage\",\"@id\":\"https:\\\/\\\/www.mpbrandschutz.de\\\/?page_id=1632\",\"url\":\"https:\\\/\\\/www.mpbrandschutz.de\\\/?page_id=1632\",\"name\":\"R\u00e4umungs\u00fcbungen - Security Services\",\"isPartOf\":{\"@id\":\"https:\\\/\\\/www.mpbrandschutz.de\\\/#website\"},\"primaryImageOfPage\":{\"@id\":\"https:\\\/\\\/www.mpbrandschutz.de\\\/?page_id=1632#primaryimage\"},\"image\":{\"@id\":\"https:\\\/\\\/www.mpbrandschutz.de\\\/?page_id=1632#primaryimage\"},\"thumbnailUrl\":\"https:\\\/\\\/www.mpbrandschutz.de\\\/wp-content\\\/uploads\\\/2022\\\/09\\\/escape-route-emergency-exit-escape-1040527-1024x682.jpg\",\"datePublished\":\"2022-09-21T10:08:13+00:00\",\"dateModified\":\"2022-10-06T16:38:34+00:00\",\"breadcrumb\":{\"@id\":\"https:\\\/\\\/www.mpbrandschutz.de\\\/?page_id=1632#breadcrumb\"},\"inLanguage\":\"de\",\"potentialAction\":[{\"@type\":\"ReadAction\",\"target\":[\"https:\\\/\\\/www.mpbrandschutz.de\\\/?page_id=1632\"]}]},{\"@type\":\"ImageObject\",\"inLanguage\":\"de\",\"@id\":\"https:\\\/\\\/www.mpbrandschutz.de\\\/?page_id=1632#primaryimage\",\"url\":\"https:\\\/\\\/www.mpbrandschutz.de\\\/wp-content\\\/uploads\\\/2022\\\/09\\\/escape-route-emergency-exit-escape-1040527.jpg\",\"contentUrl\":\"https:\\\/\\\/www.mpbrandschutz.de\\\/wp-content\\\/uploads\\\/2022\\\/09\\\/escape-route-emergency-exit-escape-1040527.jpg\",\"width\":1280,\"height\":852,\"caption\":\"escape route, emergency exit, escape-1040527.jpg\"},{\"@type\":\"BreadcrumbList\",\"@id\":\"https:\\\/\\\/www.mpbrandschutz.de\\\/?page_id=1632#breadcrumb\",\"itemListElement\":[{\"@type\":\"ListItem\",\"position\":1,\"name\":\"Startseite\",\"item\":\"https:\\\/\\\/www.mpbrandschutz.de\\\/\"},{\"@type\":\"ListItem\",\"position\":2,\"name\":\"R\u00e4umungs\u00fcbungen\"}]},{\"@type\":\"WebSite\",\"@id\":\"https:\\\/\\\/www.mpbrandschutz.de\\\/#website\",\"url\":\"https:\\\/\\\/www.mpbrandschutz.de\\\/\",\"name\":\"Security Services\",\"description\":\"Your Trusted Security Services\",\"publisher\":{\"@id\":\"https:\\\/\\\/www.mpbrandschutz.de\\\/#organization\"},\"potentialAction\":[{\"@type\":\"SearchAction\",\"target\":{\"@type\":\"EntryPoint\",\"urlTemplate\":\"https:\\\/\\\/www.mpbrandschutz.de\\\/?s={search_term_string}\"},\"query-input\":{\"@type\":\"PropertyValueSpecification\",\"valueRequired\":true,\"valueName\":\"search_term_string\"}}],\"inLanguage\":\"de\"},{\"@type\":\"Organization\",\"@id\":\"https:\\\/\\\/www.mpbrandschutz.de\\\/#organization\",\"name\":\"Security Services\",\"url\":\"https:\\\/\\\/www.mpbrandschutz.de\\\/\",\"logo\":{\"@type\":\"ImageObject\",\"inLanguage\":\"de\",\"@id\":\"https:\\\/\\\/www.mpbrandschutz.de\\\/#\\\/schema\\\/logo\\\/image\\\/\",\"url\":\"https:\\\/\\\/www.mpbrandschutz.de\\\/wp-content\\\/uploads\\\/2022\\\/03\\\/2022-03-10_14h20_57.png\",\"contentUrl\":\"https:\\\/\\\/www.mpbrandschutz.de\\\/wp-content\\\/uploads\\\/2022\\\/03\\\/2022-03-10_14h20_57.png\",\"width\":352,\"height\":91,\"caption\":\"Security Services\"},\"image\":{\"@id\":\"https:\\\/\\\/www.mpbrandschutz.de\\\/#\\\/schema\\\/logo\\\/image\\\/\"}}]}<\/script>\n<!-- \/ Yoast SEO plugin. -->","yoast_head_json":{"title":"R\u00e4umungs\u00fcbungen - Security Services","robots":{"index":"index","follow":"follow","max-snippet":"max-snippet:-1","max-image-preview":"max-image-preview:large","max-video-preview":"max-video-preview:-1"},"canonical":"https:\/\/www.mpbrandschutz.de\/?page_id=1632","og_locale":"de_DE","og_type":"article","og_title":"R\u00e4umungs\u00fcbungen - Security Services","og_description":"R\u00e4umungs\u00fcbungen R\u00e4umungs\u00fcbungen in Krankenh\u00e4usern und Seniorenzentren Extra f\u00fcr die Bed\u00fcrfnisse von sozialen Einrichtungen haben wir vor zwei Jahren eine 1,6 m gro\u00dfe Edelstahlbrandpuppe entwickelt, die eine brennende Person simuliert. Erstmalig in Deutschland kann nun jeder Mitarbeiter am Firetrainer \u00fcben, wie er reagieren und handeln w\u00fcrde. Diese Brandpuppe kann entweder mit einem Handfeuerl\u00f6scher oder einer Decke [&hellip;]","og_url":"https:\/\/www.mpbrandschutz.de\/?page_id=1632","og_site_name":"Security Services","article_modified_time":"2022-10-06T16:38:34+00:00","og_image":[{"url":"https:\/\/www.mpbrandschutz.de\/wp-content\/uploads\/2022\/09\/escape-route-emergency-exit-escape-1040527-1024x682.jpg","type":"","width":"","height":""}],"twitter_card":"summary_large_image","twitter_misc":{"Gesch\u00e4tzte Lesezeit":"2\u00a0Minuten"},"schema":{"@context":"https:\/\/schema.org","@graph":[{"@type":"WebPage","@id":"https:\/\/www.mpbrandschutz.de\/?page_id=1632","url":"https:\/\/www.mpbrandschutz.de\/?page_id=1632","name":"R\u00e4umungs\u00fcbungen - Security Services","isPartOf":{"@id":"https:\/\/www.mpbrandschutz.de\/#website"},"primaryImageOfPage":{"@id":"https:\/\/www.mpbrandschutz.de\/?page_id=1632#primaryimage"},"image":{"@id":"https:\/\/www.mpbrandschutz.de\/?page_id=1632#primaryimage"},"thumbnailUrl":"https:\/\/www.mpbrandschutz.de\/wp-content\/uploads\/2022\/09\/escape-route-emergency-exit-escape-1040527-1024x682.jpg","datePublished":"2022-09-21T10:08:13+00:00","dateModified":"2022-10-06T16:38:34+00:00","breadcrumb":{"@id":"https:\/\/www.mpbrandschutz.de\/?page_id=1632#breadcrumb"},"inLanguage":"de","potentialAction":[{"@type":"ReadAction","target":["https:\/\/www.mpbrandschutz.de\/?page_id=1632"]}]},{"@type":"ImageObject","inLanguage":"de","@id":"https:\/\/www.mpbrandschutz.de\/?page_id=1632#primaryimage","url":"https:\/\/www.mpbrandschutz.de\/wp-content\/uploads\/2022\/09\/escape-route-emergency-exit-escape-1040527.jpg","contentUrl":"https:\/\/www.mpbrandschutz.de\/wp-content\/uploads\/2022\/09\/escape-route-emergency-exit-escape-1040527.jpg","width":1280,"height":852,"caption":"escape route, emergency exit, escape-1040527.jpg"},{"@type":"BreadcrumbList","@id":"https:\/\/www.mpbrandschutz.de\/?page_id=1632#breadcrumb","itemListElement":[{"@type":"ListItem","position":1,"name":"Startseite","item":"https:\/\/www.mpbrandschutz.de\/"},{"@type":"ListItem","position":2,"name":"R\u00e4umungs\u00fcbungen"}]},{"@type":"WebSite","@id":"https:\/\/www.mpbrandschutz.de\/#website","url":"https:\/\/www.mpbrandschutz.de\/","name":"Security Services","description":"Your Trusted Security Services","publisher":{"@id":"https:\/\/www.mpbrandschutz.de\/#organization"},"potentialAction":[{"@type":"SearchAction","target":{"@type":"EntryPoint","urlTemplate":"https:\/\/www.mpbrandschutz.de\/?s={search_term_string}"},"query-input":{"@type":"PropertyValueSpecification","valueRequired":true,"valueName":"search_term_string"}}],"inLanguage":"de"},{"@type":"Organization","@id":"https:\/\/www.mpbrandschutz.de\/#organization","name":"Security Services","url":"https:\/\/www.mpbrandschutz.de\/","logo":{"@type":"ImageObject","inLanguage":"de","@id":"https:\/\/www.mpbrandschutz.de\/#\/schema\/logo\/image\/","url":"https:\/\/www.mpbrandschutz.de\/wp-content\/uploads\/2022\/03\/2022-03-10_14h20_57.png","contentUrl":"https:\/\/www.mpbrandschutz.de\/wp-content\/uploads\/2022\/03\/2022-03-10_14h20_57.png","width":352,"height":91,"caption":"Security Services"},"image":{"@id":"https:\/\/www.mpbrandschutz.de\/#\/schema\/logo\/image\/"}}]}},"_links":{"self":[{"href":"https:\/\/www.mpbrandschutz.de\/index.php?rest_route=\/wp\/v2\/pages\/1632","targetHints":{"allow":["GET"]}}],"collection":[{"href":"https:\/\/www.mpbrandschutz.de\/index.php?rest_route=\/wp\/v2\/pages"}],"about":[{"href":"https:\/\/www.mpbrandschutz.de\/index.php?rest_route=\/wp\/v2\/types\/page"}],"author":[{"embeddable":true,"href":"https:\/\/www.mpbrandschutz.de\/index.php?rest_route=\/wp\/v2\/users\/2"}],"replies":[{"embeddable":true,"href":"https:\/\/www.mpbrandschutz.de\/index.php?rest_route=%2Fwp%2Fv2%2Fcomments&post=1632"}],"version-history":[{"count":35,"href":"https:\/\/www.mpbrandschutz.de\/index.php?rest_route=\/wp\/v2\/pages\/1632\/revisions"}],"predecessor-version":[{"id":2200,"href":"https:\/\/www.mpbrandschutz.de\/index.php?rest_route=\/wp\/v2\/pages\/1632\/revisions\/2200"}],"wp:attachment":[{"href":"https:\/\/www.mpbrandschutz.de\/index.php?rest_route=%2Fwp%2Fv2%2Fmedia&parent=1632"}],"curies":[{"name":"wp","href":"https:\/\/api.w.org\/{rel}","templated":true}]}}