{"id":1253,"date":"2022-03-29T14:03:41","date_gmt":"2022-03-29T14:03:41","guid":{"rendered":"https:\/\/stupefied-swanson.116-202-61-150.plesk.page\/?page_id=1253"},"modified":"2023-03-06T16:36:20","modified_gmt":"2023-03-06T16:36:20","slug":"erstellen-von-flucht-und-rettungsplaenen","status":"publish","type":"page","link":"https:\/\/www.mpbrandschutz.de\/?page_id=1253","title":{"rendered":"Erstellen von Flucht- und Rettungspl\u00e4nen\u200b"},"content":{"rendered":"\t\t<div data-elementor-type=\"wp-page\" data-elementor-id=\"1253\" class=\"elementor elementor-1253\" data-elementor-post-type=\"page\">\n\t\t\t\t\t\t<section class=\"has_eae_slider elementor-section elementor-top-section elementor-element elementor-element-645054a elementor-section-boxed elementor-section-height-default elementor-section-height-default\" data-eae-slider=\"4122\" data-id=\"645054a\" data-element_type=\"section\" data-e-type=\"section\" data-settings=\"{&quot;background_background&quot;:&quot;classic&quot;}\">\n\t\t\t\t\t\t<div class=\"elementor-container elementor-column-gap-default\">\n\t\t\t\t\t<div class=\"has_eae_slider elementor-column elementor-col-100 elementor-top-column elementor-element elementor-element-6999e1b\" data-eae-slider=\"46701\" data-id=\"6999e1b\" data-element_type=\"column\" data-e-type=\"column\">\n\t\t\t<div class=\"elementor-widget-wrap elementor-element-populated\">\n\t\t\t\t\t\t<div class=\"elementor-element elementor-element-dc3d2f3 elementor-widget elementor-widget-spacer\" data-id=\"dc3d2f3\" data-element_type=\"widget\" data-e-type=\"widget\" data-widget_type=\"spacer.default\">\n\t\t\t\t<div class=\"elementor-widget-container\">\n\t\t\t\t\t\t\t<div class=\"elementor-spacer\">\n\t\t\t<div class=\"elementor-spacer-inner\"><\/div>\n\t\t<\/div>\n\t\t\t\t\t\t<\/div>\n\t\t\t\t<\/div>\n\t\t\t\t\t<\/div>\n\t\t<\/div>\n\t\t\t\t\t<\/div>\n\t\t<\/section>\n\t\t\t\t<section class=\"has_eae_slider elementor-section elementor-top-section elementor-element elementor-element-d6253cf elementor-section-boxed elementor-section-height-default elementor-section-height-default\" data-eae-slider=\"87477\" data-id=\"d6253cf\" data-element_type=\"section\" data-e-type=\"section\" data-settings=\"{&quot;background_background&quot;:&quot;classic&quot;}\">\n\t\t\t\t\t\t<div class=\"elementor-container elementor-column-gap-default\">\n\t\t\t\t\t<div class=\"has_eae_slider elementor-column elementor-col-50 elementor-top-column elementor-element elementor-element-6fc84a6\" data-eae-slider=\"64397\" data-id=\"6fc84a6\" data-element_type=\"column\" data-e-type=\"column\">\n\t\t\t<div class=\"elementor-widget-wrap elementor-element-populated\">\n\t\t\t\t\t\t<div class=\"elementor-element elementor-element-7119af4 elementor-widget elementor-widget-heading\" data-id=\"7119af4\" data-element_type=\"widget\" data-e-type=\"widget\" data-widget_type=\"heading.default\">\n\t\t\t\t<div class=\"elementor-widget-container\">\n\t\t\t\t\t<h3 class=\"elementor-heading-title elementor-size-default\">Erstellen von Flucht- und Rettungspl\u00e4nen<\/h3>\t\t\t\t<\/div>\n\t\t\t\t<\/div>\n\t\t\t\t<div class=\"elementor-element elementor-element-3727a6f elementor-widget elementor-widget-text-editor\" data-id=\"3727a6f\" data-element_type=\"widget\" data-e-type=\"widget\" data-widget_type=\"text-editor.default\">\n\t\t\t\t<div class=\"elementor-widget-container\">\n\t\t\t\t\t\t\t\t\t<p>Beispiel: Das Erstellen von Flucht- und Rettungspl\u00e4nen kostet 70,00 \u20ac pro Plan \/ Geschoss. Jeder weitere auf der Etage kostet 60,00 \u20ac. Datenaufnahme vor Ort wird nach Zeit berechnet zu 60,00 \u20ac\/Std. Unsere Preise sind angegeben in Euro ohne Mehrwertsteuer.<\/p>\t\t\t\t\t\t\t\t<\/div>\n\t\t\t\t<\/div>\n\t\t\t\t\t<\/div>\n\t\t<\/div>\n\t\t\t\t<div class=\"has_eae_slider elementor-column elementor-col-50 elementor-top-column elementor-element elementor-element-9d4bb09\" data-eae-slider=\"97184\" data-id=\"9d4bb09\" data-element_type=\"column\" data-e-type=\"column\">\n\t\t\t<div class=\"elementor-widget-wrap elementor-element-populated\">\n\t\t\t\t\t\t<div class=\"elementor-element elementor-element-3884b0e elementor-widget elementor-widget-image\" data-id=\"3884b0e\" data-element_type=\"widget\" data-e-type=\"widget\" data-widget_type=\"image.default\">\n\t\t\t\t<div class=\"elementor-widget-container\">\n\t\t\t\t\t\t\t\t\t\t\t\t\t\t\t<img fetchpriority=\"high\" decoding=\"async\" width=\"1024\" height=\"682\" src=\"https:\/\/www.mpbrandschutz.de\/wp-content\/uploads\/2022\/03\/firemen-volunteer-firefighters-rescue-2263406-1024x682.jpg\" class=\"attachment-large size-large wp-image-1444\" alt=\"firemen, volunteer firefighters, rescue-2263406.jpg\" srcset=\"https:\/\/www.mpbrandschutz.de\/wp-content\/uploads\/2022\/03\/firemen-volunteer-firefighters-rescue-2263406-1024x682.jpg 1024w, https:\/\/www.mpbrandschutz.de\/wp-content\/uploads\/2022\/03\/firemen-volunteer-firefighters-rescue-2263406-300x200.jpg 300w, https:\/\/www.mpbrandschutz.de\/wp-content\/uploads\/2022\/03\/firemen-volunteer-firefighters-rescue-2263406-768x512.jpg 768w, https:\/\/www.mpbrandschutz.de\/wp-content\/uploads\/2022\/03\/firemen-volunteer-firefighters-rescue-2263406.jpg 1280w\" sizes=\"(max-width: 1024px) 100vw, 1024px\" \/>\t\t\t\t\t\t\t\t\t\t\t\t\t\t\t<\/div>\n\t\t\t\t<\/div>\n\t\t\t\t\t<\/div>\n\t\t<\/div>\n\t\t\t\t\t<\/div>\n\t\t<\/section>\n\t\t\t\t<section class=\"has_eae_slider elementor-section elementor-top-section elementor-element elementor-element-6dd709d elementor-section-boxed elementor-section-height-default elementor-section-height-default\" data-eae-slider=\"28865\" data-id=\"6dd709d\" data-element_type=\"section\" data-e-type=\"section\" data-settings=\"{&quot;background_background&quot;:&quot;classic&quot;}\">\n\t\t\t\t\t\t<div class=\"elementor-container elementor-column-gap-default\">\n\t\t\t\t\t<div class=\"has_eae_slider elementor-column elementor-col-100 elementor-top-column elementor-element elementor-element-164dcb2\" data-eae-slider=\"81247\" data-id=\"164dcb2\" data-element_type=\"column\" data-e-type=\"column\">\n\t\t\t<div class=\"elementor-widget-wrap elementor-element-populated\">\n\t\t\t\t\t\t<div class=\"elementor-element elementor-element-73fc04b elementor-widget elementor-widget-text-editor\" data-id=\"73fc04b\" data-element_type=\"widget\" data-e-type=\"widget\" data-widget_type=\"text-editor.default\">\n\t\t\t\t<div class=\"elementor-widget-container\">\n\t\t\t\t\t\t\t\t\t<p style=\"font-weight: 300;\"><span style=\"font-style: inherit; font-weight: inherit;\">Es gibt viele Verordnungen und Gesetze in denen der Arbeitgeber aufgefordert wird, die Besch\u00e4ftigten regelm\u00e4\u00dfig zu schulen. \u00a0Dazu geh\u00f6rt neben der Arbeitssicherheit auch die Erste Hilfe und der Brandschutz im Betrieb. Er hat auch daf\u00fcr zu sorgen, dass im Ernstfall alle \u00fcber sichere Fluchtwege aus dem Geb\u00e4ude kommen.\u00a0<\/span><\/p><p style=\"font-weight: 300;\"><span style=\"font-style: inherit; font-weight: inherit;\">In der ASR A 2.3 ist zu lesen:<\/span><\/p><p style=\"font-weight: 300;\"><span style=\"font-style: inherit; font-weight: inherit;\">Der Arbeitgeber hat die Besch\u00e4ftigten \u00fcber den Inhalt der Flucht- und Rettungspl\u00e4ne, sowie \u00fcber das Verhalten im Gefahrenfall regelm\u00e4\u00dfig in verst\u00e4ndlicher Form vorzugsweise mindestens einmal j\u00e4hrlich im Rahmen einer Begehung der Fluchtwege zu informieren. Auf der Grundlage der Flucht- und Rettungspl\u00e4ne sind R\u00e4umungs\u00fcbungen durchzuf\u00fchren.\u00a0<\/span><\/p><p style=\"font-weight: 300;\"><span style=\"font-style: inherit; font-weight: inherit;\">Flucht- und Rettungspl\u00e4ne werden gefordert, wenn es Lage und Ausdehnung des Geb\u00e4udes oder die Art der Benutzung der Arbeitsst\u00e4tte erfordern.<\/span><\/p><p style=\"font-weight: 300;\"><span style=\"font-style: inherit; font-weight: inherit;\">Flucht- und Rettungspl\u00e4ne m\u00fcssen aktuell und unter den geforderten Angaben erstellt werden. Dazu geh\u00f6ren z.B. die \u201eSicherheitszeichen\u201c nach ASR A1.3.<\/span><\/p><p style=\"font-weight: 300;\"><span style=\"font-style: inherit; font-weight: inherit;\">Au\u00dferdem m\u00fcssen auf den Flucht- und Rettungspl\u00e4nen ersichtlich sein:<\/span><\/p><p style=\"font-weight: 300;\"><span style=\"font-style: inherit; font-weight: inherit;\">&#8211; Geb\u00e4udegrundriss oder Teile davon<\/span><\/p><p style=\"font-weight: 300;\"><span style=\"font-style: inherit; font-weight: inherit;\">&#8211; Verlauf der Fluchtwege<\/span><\/p><p style=\"font-weight: 300;\"><span style=\"font-style: inherit; font-weight: inherit;\">&#8211; Lage der Erste-Hilfe- und Brandschutzeinrichtungen<\/span><\/p><p style=\"font-weight: 300;\"><span style=\"font-style: inherit; font-weight: inherit;\">&#8211; Standort der Sammelstellen<\/span><\/p><p style=\"font-weight: 300;\"><span style=\"font-style: inherit; font-weight: inherit;\">&#8211; Standort des Betrachters (lagerichtig)<\/span><\/p><p style=\"font-weight: 300;\"><span style=\"font-style: inherit; font-weight: inherit;\">Unsere fachkundigen Mitarbeiter erstellen f\u00fcr Sie die n\u00f6tigen Flucht- und Rettungspl\u00e4ne und stehen Ihnen beratend bei der Auswahl der Standorte zur Seite.\u00a0<\/span><\/p>\t\t\t\t\t\t\t\t<\/div>\n\t\t\t\t<\/div>\n\t\t\t\t<div class=\"elementor-element elementor-element-8d77a11 elementor-widget elementor-widget-spacer\" data-id=\"8d77a11\" data-element_type=\"widget\" data-e-type=\"widget\" data-widget_type=\"spacer.default\">\n\t\t\t\t<div class=\"elementor-widget-container\">\n\t\t\t\t\t\t\t<div class=\"elementor-spacer\">\n\t\t\t<div class=\"elementor-spacer-inner\"><\/div>\n\t\t<\/div>\n\t\t\t\t\t\t<\/div>\n\t\t\t\t<\/div>\n\t\t\t\t\t<\/div>\n\t\t<\/div>\n\t\t\t\t\t<\/div>\n\t\t<\/section>\n\t\t\t\t<\/div>\n\t\t","protected":false},"excerpt":{"rendered":"<p>Erstellen von Flucht- und Rettungspl\u00e4nen Beispiel: Das Erstellen von Flucht- und Rettungspl\u00e4nen kostet 70,00 \u20ac pro Plan \/ Geschoss. Jeder weitere auf der Etage kostet 60,00 \u20ac. Datenaufnahme vor Ort wird nach Zeit berechnet zu 60,00 \u20ac\/Std. Unsere Preise sind angegeben in Euro ohne Mehrwertsteuer. Es gibt viele Verordnungen und Gesetze in denen der Arbeitgeber [&hellip;]<\/p>\n","protected":false},"author":2,"featured_media":0,"parent":0,"menu_order":0,"comment_status":"closed","ping_status":"closed","template":"","meta":{"site-sidebar-layout":"no-sidebar","site-content-layout":"page-builder","ast-site-content-layout":"default","site-content-style":"default","site-sidebar-style":"default","ast-global-header-display":"","ast-banner-title-visibility":"","ast-main-header-display":"","ast-hfb-above-header-display":"","ast-hfb-below-header-display":"","ast-hfb-mobile-header-display":"","site-post-title":"disabled","ast-breadcrumbs-content":"","ast-featured-img":"disabled","footer-sml-layout":"","ast-disable-related-posts":"","theme-transparent-header-meta":"","adv-header-id-meta":"","stick-header-meta":"","header-above-stick-meta":"","header-main-stick-meta":"","header-below-stick-meta":"","astra-migrate-meta-layouts":"default","ast-page-background-enabled":"default","ast-page-background-meta":{"desktop":{"background-color":"","background-image":"","background-repeat":"repeat","background-position":"center center","background-size":"auto","background-attachment":"scroll","background-type":"","background-media":"","overlay-type":"","overlay-color":"","overlay-opacity":"","overlay-gradient":""},"tablet":{"background-color":"","background-image":"","background-repeat":"repeat","background-position":"center center","background-size":"auto","background-attachment":"scroll","background-type":"","background-media":"","overlay-type":"","overlay-color":"","overlay-opacity":"","overlay-gradient":""},"mobile":{"background-color":"","background-image":"","background-repeat":"repeat","background-position":"center center","background-size":"auto","background-attachment":"scroll","background-type":"","background-media":"","overlay-type":"","overlay-color":"","overlay-opacity":"","overlay-gradient":""}},"ast-content-background-meta":{"desktop":{"background-color":"var(--ast-global-color-5)","background-image":"","background-repeat":"repeat","background-position":"center center","background-size":"auto","background-attachment":"scroll","background-type":"","background-media":"","overlay-type":"","overlay-color":"","overlay-opacity":"","overlay-gradient":""},"tablet":{"background-color":"var(--ast-global-color-5)","background-image":"","background-repeat":"repeat","background-position":"center center","background-size":"auto","background-attachment":"scroll","background-type":"","background-media":"","overlay-type":"","overlay-color":"","overlay-opacity":"","overlay-gradient":""},"mobile":{"background-color":"var(--ast-global-color-5)","background-image":"","background-repeat":"repeat","background-position":"center center","background-size":"auto","background-attachment":"scroll","background-type":"","background-media":"","overlay-type":"","overlay-color":"","overlay-opacity":"","overlay-gradient":""}},"footnotes":""},"class_list":["post-1253","page","type-page","status-publish","hentry"],"yoast_head":"<!-- This site is optimized with the Yoast SEO plugin v27.6 - https:\/\/yoast.com\/product\/yoast-seo-wordpress\/ -->\n<title>Erstellen von Flucht- und Rettungspl\u00e4nen\u200b - Security Services<\/title>\n<meta name=\"robots\" content=\"index, follow, max-snippet:-1, max-image-preview:large, max-video-preview:-1\" \/>\n<link rel=\"canonical\" href=\"https:\/\/www.mpbrandschutz.de\/?page_id=1253\" \/>\n<meta property=\"og:locale\" content=\"de_DE\" \/>\n<meta property=\"og:type\" content=\"article\" \/>\n<meta property=\"og:title\" content=\"Erstellen von Flucht- und Rettungspl\u00e4nen\u200b - Security Services\" \/>\n<meta property=\"og:description\" content=\"Erstellen von Flucht- und Rettungspl\u00e4nen Beispiel: Das Erstellen von Flucht- und Rettungspl\u00e4nen kostet 70,00 \u20ac pro Plan \/ Geschoss. Jeder weitere auf der Etage kostet 60,00 \u20ac. Datenaufnahme vor Ort wird nach Zeit berechnet zu 60,00 \u20ac\/Std. Unsere Preise sind angegeben in Euro ohne Mehrwertsteuer. Es gibt viele Verordnungen und Gesetze in denen der Arbeitgeber [&hellip;]\" \/>\n<meta property=\"og:url\" content=\"https:\/\/www.mpbrandschutz.de\/?page_id=1253\" \/>\n<meta property=\"og:site_name\" content=\"Security Services\" \/>\n<meta property=\"article:modified_time\" content=\"2023-03-06T16:36:20+00:00\" \/>\n<meta property=\"og:image\" content=\"https:\/\/www.mpbrandschutz.de\/wp-content\/uploads\/2022\/03\/firemen-volunteer-firefighters-rescue-2263406-1024x682.jpg\" \/>\n<meta name=\"twitter:card\" content=\"summary_large_image\" \/>\n<meta name=\"twitter:label1\" content=\"Gesch\u00e4tzte Lesezeit\" \/>\n\t<meta name=\"twitter:data1\" content=\"2\u00a0Minuten\" \/>\n<script type=\"application\/ld+json\" class=\"yoast-schema-graph\">{\"@context\":\"https:\\\/\\\/schema.org\",\"@graph\":[{\"@type\":\"WebPage\",\"@id\":\"https:\\\/\\\/www.mpbrandschutz.de\\\/?page_id=1253\",\"url\":\"https:\\\/\\\/www.mpbrandschutz.de\\\/?page_id=1253\",\"name\":\"Erstellen von Flucht- und Rettungspl\u00e4nen\u200b - Security Services\",\"isPartOf\":{\"@id\":\"https:\\\/\\\/www.mpbrandschutz.de\\\/#website\"},\"primaryImageOfPage\":{\"@id\":\"https:\\\/\\\/www.mpbrandschutz.de\\\/?page_id=1253#primaryimage\"},\"image\":{\"@id\":\"https:\\\/\\\/www.mpbrandschutz.de\\\/?page_id=1253#primaryimage\"},\"thumbnailUrl\":\"https:\\\/\\\/www.mpbrandschutz.de\\\/wp-content\\\/uploads\\\/2022\\\/03\\\/firemen-volunteer-firefighters-rescue-2263406-1024x682.jpg\",\"datePublished\":\"2022-03-29T14:03:41+00:00\",\"dateModified\":\"2023-03-06T16:36:20+00:00\",\"breadcrumb\":{\"@id\":\"https:\\\/\\\/www.mpbrandschutz.de\\\/?page_id=1253#breadcrumb\"},\"inLanguage\":\"de\",\"potentialAction\":[{\"@type\":\"ReadAction\",\"target\":[\"https:\\\/\\\/www.mpbrandschutz.de\\\/?page_id=1253\"]}]},{\"@type\":\"ImageObject\",\"inLanguage\":\"de\",\"@id\":\"https:\\\/\\\/www.mpbrandschutz.de\\\/?page_id=1253#primaryimage\",\"url\":\"https:\\\/\\\/www.mpbrandschutz.de\\\/wp-content\\\/uploads\\\/2022\\\/03\\\/firemen-volunteer-firefighters-rescue-2263406.jpg\",\"contentUrl\":\"https:\\\/\\\/www.mpbrandschutz.de\\\/wp-content\\\/uploads\\\/2022\\\/03\\\/firemen-volunteer-firefighters-rescue-2263406.jpg\",\"width\":1280,\"height\":853,\"caption\":\"firemen, volunteer firefighters, rescue-2263406.jpg\"},{\"@type\":\"BreadcrumbList\",\"@id\":\"https:\\\/\\\/www.mpbrandschutz.de\\\/?page_id=1253#breadcrumb\",\"itemListElement\":[{\"@type\":\"ListItem\",\"position\":1,\"name\":\"Startseite\",\"item\":\"https:\\\/\\\/www.mpbrandschutz.de\\\/\"},{\"@type\":\"ListItem\",\"position\":2,\"name\":\"Erstellen von Flucht- und Rettungspl\u00e4nen\u200b\"}]},{\"@type\":\"WebSite\",\"@id\":\"https:\\\/\\\/www.mpbrandschutz.de\\\/#website\",\"url\":\"https:\\\/\\\/www.mpbrandschutz.de\\\/\",\"name\":\"Security Services\",\"description\":\"Your Trusted Security Services\",\"publisher\":{\"@id\":\"https:\\\/\\\/www.mpbrandschutz.de\\\/#organization\"},\"potentialAction\":[{\"@type\":\"SearchAction\",\"target\":{\"@type\":\"EntryPoint\",\"urlTemplate\":\"https:\\\/\\\/www.mpbrandschutz.de\\\/?s={search_term_string}\"},\"query-input\":{\"@type\":\"PropertyValueSpecification\",\"valueRequired\":true,\"valueName\":\"search_term_string\"}}],\"inLanguage\":\"de\"},{\"@type\":\"Organization\",\"@id\":\"https:\\\/\\\/www.mpbrandschutz.de\\\/#organization\",\"name\":\"Security Services\",\"url\":\"https:\\\/\\\/www.mpbrandschutz.de\\\/\",\"logo\":{\"@type\":\"ImageObject\",\"inLanguage\":\"de\",\"@id\":\"https:\\\/\\\/www.mpbrandschutz.de\\\/#\\\/schema\\\/logo\\\/image\\\/\",\"url\":\"https:\\\/\\\/www.mpbrandschutz.de\\\/wp-content\\\/uploads\\\/2022\\\/03\\\/2022-03-10_14h20_57.png\",\"contentUrl\":\"https:\\\/\\\/www.mpbrandschutz.de\\\/wp-content\\\/uploads\\\/2022\\\/03\\\/2022-03-10_14h20_57.png\",\"width\":352,\"height\":91,\"caption\":\"Security Services\"},\"image\":{\"@id\":\"https:\\\/\\\/www.mpbrandschutz.de\\\/#\\\/schema\\\/logo\\\/image\\\/\"}}]}<\/script>\n<!-- \/ Yoast SEO plugin. -->","yoast_head_json":{"title":"Erstellen von Flucht- und Rettungspl\u00e4nen\u200b - Security Services","robots":{"index":"index","follow":"follow","max-snippet":"max-snippet:-1","max-image-preview":"max-image-preview:large","max-video-preview":"max-video-preview:-1"},"canonical":"https:\/\/www.mpbrandschutz.de\/?page_id=1253","og_locale":"de_DE","og_type":"article","og_title":"Erstellen von Flucht- und Rettungspl\u00e4nen\u200b - Security Services","og_description":"Erstellen von Flucht- und Rettungspl\u00e4nen Beispiel: Das Erstellen von Flucht- und Rettungspl\u00e4nen kostet 70,00 \u20ac pro Plan \/ Geschoss. Jeder weitere auf der Etage kostet 60,00 \u20ac. Datenaufnahme vor Ort wird nach Zeit berechnet zu 60,00 \u20ac\/Std. Unsere Preise sind angegeben in Euro ohne Mehrwertsteuer. Es gibt viele Verordnungen und Gesetze in denen der Arbeitgeber [&hellip;]","og_url":"https:\/\/www.mpbrandschutz.de\/?page_id=1253","og_site_name":"Security Services","article_modified_time":"2023-03-06T16:36:20+00:00","og_image":[{"url":"https:\/\/www.mpbrandschutz.de\/wp-content\/uploads\/2022\/03\/firemen-volunteer-firefighters-rescue-2263406-1024x682.jpg","type":"","width":"","height":""}],"twitter_card":"summary_large_image","twitter_misc":{"Gesch\u00e4tzte Lesezeit":"2\u00a0Minuten"},"schema":{"@context":"https:\/\/schema.org","@graph":[{"@type":"WebPage","@id":"https:\/\/www.mpbrandschutz.de\/?page_id=1253","url":"https:\/\/www.mpbrandschutz.de\/?page_id=1253","name":"Erstellen von Flucht- und Rettungspl\u00e4nen\u200b - Security Services","isPartOf":{"@id":"https:\/\/www.mpbrandschutz.de\/#website"},"primaryImageOfPage":{"@id":"https:\/\/www.mpbrandschutz.de\/?page_id=1253#primaryimage"},"image":{"@id":"https:\/\/www.mpbrandschutz.de\/?page_id=1253#primaryimage"},"thumbnailUrl":"https:\/\/www.mpbrandschutz.de\/wp-content\/uploads\/2022\/03\/firemen-volunteer-firefighters-rescue-2263406-1024x682.jpg","datePublished":"2022-03-29T14:03:41+00:00","dateModified":"2023-03-06T16:36:20+00:00","breadcrumb":{"@id":"https:\/\/www.mpbrandschutz.de\/?page_id=1253#breadcrumb"},"inLanguage":"de","potentialAction":[{"@type":"ReadAction","target":["https:\/\/www.mpbrandschutz.de\/?page_id=1253"]}]},{"@type":"ImageObject","inLanguage":"de","@id":"https:\/\/www.mpbrandschutz.de\/?page_id=1253#primaryimage","url":"https:\/\/www.mpbrandschutz.de\/wp-content\/uploads\/2022\/03\/firemen-volunteer-firefighters-rescue-2263406.jpg","contentUrl":"https:\/\/www.mpbrandschutz.de\/wp-content\/uploads\/2022\/03\/firemen-volunteer-firefighters-rescue-2263406.jpg","width":1280,"height":853,"caption":"firemen, volunteer firefighters, rescue-2263406.jpg"},{"@type":"BreadcrumbList","@id":"https:\/\/www.mpbrandschutz.de\/?page_id=1253#breadcrumb","itemListElement":[{"@type":"ListItem","position":1,"name":"Startseite","item":"https:\/\/www.mpbrandschutz.de\/"},{"@type":"ListItem","position":2,"name":"Erstellen von Flucht- und Rettungspl\u00e4nen\u200b"}]},{"@type":"WebSite","@id":"https:\/\/www.mpbrandschutz.de\/#website","url":"https:\/\/www.mpbrandschutz.de\/","name":"Security Services","description":"Your Trusted Security Services","publisher":{"@id":"https:\/\/www.mpbrandschutz.de\/#organization"},"potentialAction":[{"@type":"SearchAction","target":{"@type":"EntryPoint","urlTemplate":"https:\/\/www.mpbrandschutz.de\/?s={search_term_string}"},"query-input":{"@type":"PropertyValueSpecification","valueRequired":true,"valueName":"search_term_string"}}],"inLanguage":"de"},{"@type":"Organization","@id":"https:\/\/www.mpbrandschutz.de\/#organization","name":"Security Services","url":"https:\/\/www.mpbrandschutz.de\/","logo":{"@type":"ImageObject","inLanguage":"de","@id":"https:\/\/www.mpbrandschutz.de\/#\/schema\/logo\/image\/","url":"https:\/\/www.mpbrandschutz.de\/wp-content\/uploads\/2022\/03\/2022-03-10_14h20_57.png","contentUrl":"https:\/\/www.mpbrandschutz.de\/wp-content\/uploads\/2022\/03\/2022-03-10_14h20_57.png","width":352,"height":91,"caption":"Security Services"},"image":{"@id":"https:\/\/www.mpbrandschutz.de\/#\/schema\/logo\/image\/"}}]}},"_links":{"self":[{"href":"https:\/\/www.mpbrandschutz.de\/index.php?rest_route=\/wp\/v2\/pages\/1253","targetHints":{"allow":["GET"]}}],"collection":[{"href":"https:\/\/www.mpbrandschutz.de\/index.php?rest_route=\/wp\/v2\/pages"}],"about":[{"href":"https:\/\/www.mpbrandschutz.de\/index.php?rest_route=\/wp\/v2\/types\/page"}],"author":[{"embeddable":true,"href":"https:\/\/www.mpbrandschutz.de\/index.php?rest_route=\/wp\/v2\/users\/2"}],"replies":[{"embeddable":true,"href":"https:\/\/www.mpbrandschutz.de\/index.php?rest_route=%2Fwp%2Fv2%2Fcomments&post=1253"}],"version-history":[{"count":37,"href":"https:\/\/www.mpbrandschutz.de\/index.php?rest_route=\/wp\/v2\/pages\/1253\/revisions"}],"predecessor-version":[{"id":2544,"href":"https:\/\/www.mpbrandschutz.de\/index.php?rest_route=\/wp\/v2\/pages\/1253\/revisions\/2544"}],"wp:attachment":[{"href":"https:\/\/www.mpbrandschutz.de\/index.php?rest_route=%2Fwp%2Fv2%2Fmedia&parent=1253"}],"curies":[{"name":"wp","href":"https:\/\/api.w.org\/{rel}","templated":true}]}}