{"id":1251,"date":"2022-03-29T14:03:13","date_gmt":"2022-03-29T14:03:13","guid":{"rendered":"https:\/\/stupefied-swanson.116-202-61-150.plesk.page\/?page_id=1251"},"modified":"2022-10-06T16:38:06","modified_gmt":"2022-10-06T16:38:06","slug":"praktische-loeschuebungen","status":"publish","type":"page","link":"https:\/\/www.mpbrandschutz.de\/?page_id=1251","title":{"rendered":"Praktische L\u00f6sch\u00fcbungen\u200b"},"content":{"rendered":"\t\t<div data-elementor-type=\"wp-page\" data-elementor-id=\"1251\" class=\"elementor elementor-1251\" data-elementor-post-type=\"page\">\n\t\t\t\t\t\t<section class=\"has_eae_slider elementor-section elementor-top-section elementor-element elementor-element-fcd37c0 elementor-section-boxed elementor-section-height-default elementor-section-height-default\" data-eae-slider=\"8124\" data-id=\"fcd37c0\" data-element_type=\"section\" data-e-type=\"section\" data-settings=\"{&quot;background_background&quot;:&quot;classic&quot;}\">\n\t\t\t\t\t\t<div class=\"elementor-container elementor-column-gap-default\">\n\t\t\t\t\t<div class=\"has_eae_slider elementor-column elementor-col-100 elementor-top-column elementor-element elementor-element-ce3cb8e\" data-eae-slider=\"34369\" data-id=\"ce3cb8e\" data-element_type=\"column\" data-e-type=\"column\">\n\t\t\t<div class=\"elementor-widget-wrap elementor-element-populated\">\n\t\t\t\t\t\t<div class=\"elementor-element elementor-element-79d2d95 elementor-widget elementor-widget-spacer\" data-id=\"79d2d95\" data-element_type=\"widget\" data-e-type=\"widget\" data-widget_type=\"spacer.default\">\n\t\t\t\t<div class=\"elementor-widget-container\">\n\t\t\t\t\t\t\t<div class=\"elementor-spacer\">\n\t\t\t<div class=\"elementor-spacer-inner\"><\/div>\n\t\t<\/div>\n\t\t\t\t\t\t<\/div>\n\t\t\t\t<\/div>\n\t\t\t\t\t<\/div>\n\t\t<\/div>\n\t\t\t\t\t<\/div>\n\t\t<\/section>\n\t\t\t\t<section class=\"has_eae_slider elementor-section elementor-top-section elementor-element elementor-element-1896849 elementor-section-boxed elementor-section-height-default elementor-section-height-default\" data-eae-slider=\"17432\" data-id=\"1896849\" data-element_type=\"section\" data-e-type=\"section\" data-settings=\"{&quot;background_background&quot;:&quot;classic&quot;}\">\n\t\t\t\t\t\t<div class=\"elementor-container elementor-column-gap-default\">\n\t\t\t\t\t<div class=\"has_eae_slider elementor-column elementor-col-100 elementor-top-column elementor-element elementor-element-39989b1\" data-eae-slider=\"84044\" data-id=\"39989b1\" data-element_type=\"column\" data-e-type=\"column\">\n\t\t\t<div class=\"elementor-widget-wrap elementor-element-populated\">\n\t\t\t\t\t\t<section class=\"has_eae_slider elementor-section elementor-inner-section elementor-element elementor-element-2cde9f2 elementor-section-boxed elementor-section-height-default elementor-section-height-default\" data-eae-slider=\"83625\" data-id=\"2cde9f2\" data-element_type=\"section\" data-e-type=\"section\">\n\t\t\t\t\t\t<div class=\"elementor-container elementor-column-gap-default\">\n\t\t\t\t\t<div class=\"has_eae_slider elementor-column elementor-col-50 elementor-inner-column elementor-element elementor-element-66ec66a\" data-eae-slider=\"80323\" data-id=\"66ec66a\" data-element_type=\"column\" data-e-type=\"column\">\n\t\t\t<div class=\"elementor-widget-wrap elementor-element-populated\">\n\t\t\t\t\t\t<div class=\"elementor-element elementor-element-7c0326f elementor-widget elementor-widget-heading\" data-id=\"7c0326f\" data-element_type=\"widget\" data-e-type=\"widget\" data-widget_type=\"heading.default\">\n\t\t\t\t<div class=\"elementor-widget-container\">\n\t\t\t\t\t<h3 class=\"elementor-heading-title elementor-size-default\">Praktische L\u00f6sch\u00fcbungen<\/h3>\t\t\t\t<\/div>\n\t\t\t\t<\/div>\n\t\t\t\t<div class=\"elementor-element elementor-element-446867a elementor-widget elementor-widget-text-editor\" data-id=\"446867a\" data-element_type=\"widget\" data-e-type=\"widget\" data-widget_type=\"text-editor.default\">\n\t\t\t\t<div class=\"elementor-widget-container\">\n\t\t\t\t\t\t\t\t\t<p>Wir \u00fcbernehmen nur den praktischen Teil der Ausbildung, entweder wie gefordert in der DGUV 205-023 oder als Zusatz zu der aktuellen ASR A2.2 &#8211; Schulung der Mitarbeiter nach der internen Brandschutzordnung.<\/p>\t\t\t\t\t\t\t\t<\/div>\n\t\t\t\t<\/div>\n\t\t\t\t\t<\/div>\n\t\t<\/div>\n\t\t\t\t<div class=\"has_eae_slider elementor-column elementor-col-50 elementor-inner-column elementor-element elementor-element-01f7192\" data-eae-slider=\"67079\" data-id=\"01f7192\" data-element_type=\"column\" data-e-type=\"column\">\n\t\t\t<div class=\"elementor-widget-wrap elementor-element-populated\">\n\t\t\t\t\t\t<div class=\"elementor-element elementor-element-9a4fc31 elementor-widget elementor-widget-image\" data-id=\"9a4fc31\" data-element_type=\"widget\" data-e-type=\"widget\" data-widget_type=\"image.default\">\n\t\t\t\t<div class=\"elementor-widget-container\">\n\t\t\t\t\t\t\t\t\t\t\t\t\t\t\t<img fetchpriority=\"high\" decoding=\"async\" width=\"1024\" height=\"686\" src=\"https:\/\/www.mpbrandschutz.de\/wp-content\/uploads\/2022\/09\/firefighters-fire-firefighting-115800-1024x686.jpg\" class=\"attachment-large size-large wp-image-1793\" alt=\"firefighters, fire, firefighting-115800.jpg\" srcset=\"https:\/\/www.mpbrandschutz.de\/wp-content\/uploads\/2022\/09\/firefighters-fire-firefighting-115800-1024x686.jpg 1024w, https:\/\/www.mpbrandschutz.de\/wp-content\/uploads\/2022\/09\/firefighters-fire-firefighting-115800-300x201.jpg 300w, https:\/\/www.mpbrandschutz.de\/wp-content\/uploads\/2022\/09\/firefighters-fire-firefighting-115800-768x514.jpg 768w, https:\/\/www.mpbrandschutz.de\/wp-content\/uploads\/2022\/09\/firefighters-fire-firefighting-115800.jpg 1280w\" sizes=\"(max-width: 1024px) 100vw, 1024px\" \/>\t\t\t\t\t\t\t\t\t\t\t\t\t\t\t<\/div>\n\t\t\t\t<\/div>\n\t\t\t\t\t<\/div>\n\t\t<\/div>\n\t\t\t\t\t<\/div>\n\t\t<\/section>\n\t\t\t\t<section class=\"has_eae_slider elementor-section elementor-inner-section elementor-element elementor-element-e7084fd elementor-section-boxed elementor-section-height-default elementor-section-height-default\" data-eae-slider=\"86740\" data-id=\"e7084fd\" data-element_type=\"section\" data-e-type=\"section\">\n\t\t\t\t\t\t<div class=\"elementor-container elementor-column-gap-default\">\n\t\t\t\t\t<div class=\"has_eae_slider elementor-column elementor-col-100 elementor-inner-column elementor-element elementor-element-a0af4c5\" data-eae-slider=\"35724\" data-id=\"a0af4c5\" data-element_type=\"column\" data-e-type=\"column\">\n\t\t\t<div class=\"elementor-widget-wrap elementor-element-populated\">\n\t\t\t\t\t\t<div class=\"elementor-element elementor-element-d9847d4 elementor-widget elementor-widget-text-editor\" data-id=\"d9847d4\" data-element_type=\"widget\" data-e-type=\"widget\" data-widget_type=\"text-editor.default\">\n\t\t\t\t<div class=\"elementor-widget-container\">\n\t\t\t\t\t\t\t\t\t<p>Unser Angebot f\u00fcr alle, die Ihre Mitarbeiter theoretisch selber Unterweisen k\u00f6nnen. F\u00fcr alle die einen Brandschutzbeauftragen im Betrieb haben und die Brandschutzhelfer selber ausbilden. Und f\u00fcr die, welche sich fragen:<br \/>Wie soll die praktische Ausbildung aussehen? Wie kann jeder meiner Mitarbeiter mal einen Feuerl\u00f6scher ausprobieren? Unterweisungen ohne viel Zeitaufwand und Arbeitsunterbrechung!<\/p>\t\t\t\t\t\t\t\t<\/div>\n\t\t\t\t<\/div>\n\t\t\t\t<div class=\"elementor-element elementor-element-52bc54a elementor-widget elementor-widget-spacer\" data-id=\"52bc54a\" data-element_type=\"widget\" data-e-type=\"widget\" data-widget_type=\"spacer.default\">\n\t\t\t\t<div class=\"elementor-widget-container\">\n\t\t\t\t\t\t\t<div class=\"elementor-spacer\">\n\t\t\t<div class=\"elementor-spacer-inner\"><\/div>\n\t\t<\/div>\n\t\t\t\t\t\t<\/div>\n\t\t\t\t<\/div>\n\t\t\t\t<div class=\"elementor-element elementor-element-a250dd1 elementor-widget elementor-widget-image\" data-id=\"a250dd1\" data-element_type=\"widget\" data-e-type=\"widget\" data-widget_type=\"image.default\">\n\t\t\t\t<div class=\"elementor-widget-container\">\n\t\t\t\t\t\t\t\t\t\t\t\t\t\t\t<img decoding=\"async\" width=\"500\" height=\"93\" src=\"https:\/\/www.mpbrandschutz.de\/wp-content\/uploads\/2022\/09\/Brandschutzunterweisung_1.png\" class=\"attachment-large size-large wp-image-1838\" alt=\"\" srcset=\"https:\/\/www.mpbrandschutz.de\/wp-content\/uploads\/2022\/09\/Brandschutzunterweisung_1.png 500w, https:\/\/www.mpbrandschutz.de\/wp-content\/uploads\/2022\/09\/Brandschutzunterweisung_1-300x56.png 300w\" sizes=\"(max-width: 500px) 100vw, 500px\" \/>\t\t\t\t\t\t\t\t\t\t\t\t\t\t\t<\/div>\n\t\t\t\t<\/div>\n\t\t\t\t<div class=\"elementor-element elementor-element-0704358 elementor-widget elementor-widget-spacer\" data-id=\"0704358\" data-element_type=\"widget\" data-e-type=\"widget\" data-widget_type=\"spacer.default\">\n\t\t\t\t<div class=\"elementor-widget-container\">\n\t\t\t\t\t\t\t<div class=\"elementor-spacer\">\n\t\t\t<div class=\"elementor-spacer-inner\"><\/div>\n\t\t<\/div>\n\t\t\t\t\t\t<\/div>\n\t\t\t\t<\/div>\n\t\t\t\t<div class=\"elementor-element elementor-element-8a6e43f elementor-widget elementor-widget-text-editor\" data-id=\"8a6e43f\" data-element_type=\"widget\" data-e-type=\"widget\" data-widget_type=\"text-editor.default\">\n\t\t\t\t<div class=\"elementor-widget-container\">\n\t\t\t\t\t\t\t\t\t<ul><li>Wir kommen zu Ihnen in den Betrieb, keine langen Fahrzeiten f\u00fcr Sie und Ihre\u00a0 \u00a0Mitarbeiter.<\/li><li>Unterschiedliche Firetrainer und Attrappen werden Ihrem Arbeitsumfeld angepasst.<\/li><li>Keine Umweltbelastung, da Wasserl\u00f6scher verwendet werden.<\/li><li>Realistische Branschutzunterweisungen wie z.B. Einschlagen<br \/>eines Druckknopfmelders, L\u00f6schen eines Fl\u00e4chenbrandes u.s.w.<\/li><li>Erg\u00e4nzung zu Ihrer theoretischen Ausbildung<\/li><li>Anforderungen erf\u00fcllen nach DGUV 205-023<\/li><\/ul>\t\t\t\t\t\t\t\t<\/div>\n\t\t\t\t<\/div>\n\t\t\t\t<div class=\"elementor-element elementor-element-fccdb9b elementor-widget elementor-widget-spacer\" data-id=\"fccdb9b\" data-element_type=\"widget\" data-e-type=\"widget\" data-widget_type=\"spacer.default\">\n\t\t\t\t<div class=\"elementor-widget-container\">\n\t\t\t\t\t\t\t<div class=\"elementor-spacer\">\n\t\t\t<div class=\"elementor-spacer-inner\"><\/div>\n\t\t<\/div>\n\t\t\t\t\t\t<\/div>\n\t\t\t\t<\/div>\n\t\t\t\t<div class=\"elementor-element elementor-element-a413a38 elementor-widget elementor-widget-image\" data-id=\"a413a38\" data-element_type=\"widget\" data-e-type=\"widget\" data-widget_type=\"image.default\">\n\t\t\t\t<div class=\"elementor-widget-container\">\n\t\t\t\t\t\t\t\t\t\t\t\t\t\t\t<img decoding=\"async\" width=\"500\" height=\"91\" src=\"https:\/\/www.mpbrandschutz.de\/wp-content\/uploads\/2022\/09\/Praktische-Loeschuebunge_2018.png\" class=\"attachment-large size-large wp-image-1839\" alt=\"\" srcset=\"https:\/\/www.mpbrandschutz.de\/wp-content\/uploads\/2022\/09\/Praktische-Loeschuebunge_2018.png 500w, https:\/\/www.mpbrandschutz.de\/wp-content\/uploads\/2022\/09\/Praktische-Loeschuebunge_2018-300x55.png 300w\" sizes=\"(max-width: 500px) 100vw, 500px\" \/>\t\t\t\t\t\t\t\t\t\t\t\t\t\t\t<\/div>\n\t\t\t\t<\/div>\n\t\t\t\t<div class=\"elementor-element elementor-element-39ccd26 elementor-widget elementor-widget-spacer\" data-id=\"39ccd26\" data-element_type=\"widget\" data-e-type=\"widget\" data-widget_type=\"spacer.default\">\n\t\t\t\t<div class=\"elementor-widget-container\">\n\t\t\t\t\t\t\t<div class=\"elementor-spacer\">\n\t\t\t<div class=\"elementor-spacer-inner\"><\/div>\n\t\t<\/div>\n\t\t\t\t\t\t<\/div>\n\t\t\t\t<\/div>\n\t\t\t\t<div class=\"elementor-element elementor-element-f916bdb elementor-widget elementor-widget-text-editor\" data-id=\"f916bdb\" data-element_type=\"widget\" data-e-type=\"widget\" data-widget_type=\"text-editor.default\">\n\t\t\t\t<div class=\"elementor-widget-container\">\n\t\t\t\t\t\t\t\t\t<p><b>Auszug (Ausbildung Brandschutzhelfer) Praxis:<\/b><\/p>\t\t\t\t\t\t\t\t<\/div>\n\t\t\t\t<\/div>\n\t\t\t\t<div class=\"elementor-element elementor-element-05ef88b elementor-widget elementor-widget-text-editor\" data-id=\"05ef88b\" data-element_type=\"widget\" data-e-type=\"widget\" data-widget_type=\"text-editor.default\">\n\t\t\t\t<div class=\"elementor-widget-container\">\n\t\t\t\t\t\t\t\t\t<ul><li>\u00a0Handhabung und Funktion, Ausl\u00f6semechanismen von Feuerl\u00f6scheinrichtungen<\/li><li>L\u00f6schtaktik und eigene Grenzen der Brandbek\u00e4mpfung (z.B. Situationseinsch\u00e4tzung,Vorgehensweise)<\/li><li>realit\u00e4tsnahe \u00dcbung mit Feuerl\u00f6scheinrichtungen, z.B. Simulationsger\u00e4ten<\/li><li>Wirkungsweise und Leistungsf\u00e4higkeit der Feuerl\u00f6scheinrichtungen erfahren<\/li><li>betriebsspezifische Besonderheiten (z.B. elektrische Anlagen, Metallbr\u00e4nde, Fettbr\u00e4nde)<\/li><li>Einweisen (vertraut machen) in den betrieblichen Zust\u00e4ndigkeitsbereich<\/li><\/ul>\t\t\t\t\t\t\t\t<\/div>\n\t\t\t\t<\/div>\n\t\t\t\t<div class=\"elementor-element elementor-element-ff378bf elementor-widget elementor-widget-text-editor\" data-id=\"ff378bf\" data-element_type=\"widget\" data-e-type=\"widget\" data-widget_type=\"text-editor.default\">\n\t\t\t\t<div class=\"elementor-widget-container\">\n\t\t\t\t\t\t\t\t\t<p>Die Zeitdauer f\u00fcr die Praxis h\u00e4ngt von der Gruppengr\u00f6\u00dfe ab. Jeder Teilnehmer sollte ausreichend \u00dcbungszeit zur Verf\u00fcgung gestellt bekommen. Erfahrungsgem\u00e4\u00df sind 5 bis 10 Minuten pro Teilnehmer ausreichend. Bei betriebsspezifischen Besonderheiten ist sowohl f\u00fcr die Theorie als auch f\u00fcr die Praxis eine entsprechend l\u00e4ngere Ausbildung erforderlich.<\/p>\t\t\t\t\t\t\t\t<\/div>\n\t\t\t\t<\/div>\n\t\t\t\t\t<\/div>\n\t\t<\/div>\n\t\t\t\t\t<\/div>\n\t\t<\/section>\n\t\t\t\t<div class=\"elementor-element elementor-element-4269505 elementor-widget elementor-widget-spacer\" data-id=\"4269505\" data-element_type=\"widget\" data-e-type=\"widget\" data-widget_type=\"spacer.default\">\n\t\t\t\t<div class=\"elementor-widget-container\">\n\t\t\t\t\t\t\t<div class=\"elementor-spacer\">\n\t\t\t<div class=\"elementor-spacer-inner\"><\/div>\n\t\t<\/div>\n\t\t\t\t\t\t<\/div>\n\t\t\t\t<\/div>\n\t\t\t\t\t<\/div>\n\t\t<\/div>\n\t\t\t\t\t<\/div>\n\t\t<\/section>\n\t\t\t\t<\/div>\n\t\t","protected":false},"excerpt":{"rendered":"<p>Praktische L\u00f6sch\u00fcbungen Wir \u00fcbernehmen nur den praktischen Teil der Ausbildung, entweder wie gefordert in der DGUV 205-023 oder als Zusatz zu der aktuellen ASR A2.2 &#8211; Schulung der Mitarbeiter nach der internen Brandschutzordnung. Unser Angebot f\u00fcr alle, die Ihre Mitarbeiter theoretisch selber Unterweisen k\u00f6nnen. F\u00fcr alle die einen Brandschutzbeauftragen im Betrieb haben und die Brandschutzhelfer [&hellip;]<\/p>\n","protected":false},"author":2,"featured_media":0,"parent":0,"menu_order":0,"comment_status":"closed","ping_status":"closed","template":"","meta":{"site-sidebar-layout":"no-sidebar","site-content-layout":"page-builder","ast-site-content-layout":"default","site-content-style":"default","site-sidebar-style":"default","ast-global-header-display":"","ast-banner-title-visibility":"","ast-main-header-display":"","ast-hfb-above-header-display":"","ast-hfb-below-header-display":"","ast-hfb-mobile-header-display":"","site-post-title":"disabled","ast-breadcrumbs-content":"","ast-featured-img":"disabled","footer-sml-layout":"","ast-disable-related-posts":"","theme-transparent-header-meta":"","adv-header-id-meta":"","stick-header-meta":"","header-above-stick-meta":"","header-main-stick-meta":"","header-below-stick-meta":"","astra-migrate-meta-layouts":"default","ast-page-background-enabled":"default","ast-page-background-meta":{"desktop":{"background-color":"","background-image":"","background-repeat":"repeat","background-position":"center center","background-size":"auto","background-attachment":"scroll","background-type":"","background-media":"","overlay-type":"","overlay-color":"","overlay-opacity":"","overlay-gradient":""},"tablet":{"background-color":"","background-image":"","background-repeat":"repeat","background-position":"center center","background-size":"auto","background-attachment":"scroll","background-type":"","background-media":"","overlay-type":"","overlay-color":"","overlay-opacity":"","overlay-gradient":""},"mobile":{"background-color":"","background-image":"","background-repeat":"repeat","background-position":"center center","background-size":"auto","background-attachment":"scroll","background-type":"","background-media":"","overlay-type":"","overlay-color":"","overlay-opacity":"","overlay-gradient":""}},"ast-content-background-meta":{"desktop":{"background-color":"var(--ast-global-color-5)","background-image":"","background-repeat":"repeat","background-position":"center center","background-size":"auto","background-attachment":"scroll","background-type":"","background-media":"","overlay-type":"","overlay-color":"","overlay-opacity":"","overlay-gradient":""},"tablet":{"background-color":"var(--ast-global-color-5)","background-image":"","background-repeat":"repeat","background-position":"center center","background-size":"auto","background-attachment":"scroll","background-type":"","background-media":"","overlay-type":"","overlay-color":"","overlay-opacity":"","overlay-gradient":""},"mobile":{"background-color":"var(--ast-global-color-5)","background-image":"","background-repeat":"repeat","background-position":"center center","background-size":"auto","background-attachment":"scroll","background-type":"","background-media":"","overlay-type":"","overlay-color":"","overlay-opacity":"","overlay-gradient":""}},"footnotes":""},"class_list":["post-1251","page","type-page","status-publish","hentry"],"yoast_head":"<!-- This site is optimized with the Yoast SEO plugin v27.5 - https:\/\/yoast.com\/product\/yoast-seo-wordpress\/ -->\n<title>Praktische L\u00f6sch\u00fcbungen\u200b - Security Services<\/title>\n<meta name=\"robots\" content=\"index, follow, max-snippet:-1, max-image-preview:large, max-video-preview:-1\" \/>\n<link rel=\"canonical\" href=\"https:\/\/www.mpbrandschutz.de\/?page_id=1251\" \/>\n<meta property=\"og:locale\" content=\"de_DE\" \/>\n<meta property=\"og:type\" content=\"article\" \/>\n<meta property=\"og:title\" content=\"Praktische L\u00f6sch\u00fcbungen\u200b - Security Services\" \/>\n<meta property=\"og:description\" content=\"Praktische L\u00f6sch\u00fcbungen Wir \u00fcbernehmen nur den praktischen Teil der Ausbildung, entweder wie gefordert in der DGUV 205-023 oder als Zusatz zu der aktuellen ASR A2.2 &#8211; Schulung der Mitarbeiter nach der internen Brandschutzordnung. Unser Angebot f\u00fcr alle, die Ihre Mitarbeiter theoretisch selber Unterweisen k\u00f6nnen. F\u00fcr alle die einen Brandschutzbeauftragen im Betrieb haben und die Brandschutzhelfer [&hellip;]\" \/>\n<meta property=\"og:url\" content=\"https:\/\/www.mpbrandschutz.de\/?page_id=1251\" \/>\n<meta property=\"og:site_name\" content=\"Security Services\" \/>\n<meta property=\"article:modified_time\" content=\"2022-10-06T16:38:06+00:00\" \/>\n<meta property=\"og:image\" content=\"https:\/\/www.mpbrandschutz.de\/wp-content\/uploads\/2022\/09\/firefighters-fire-firefighting-115800-1024x686.jpg\" \/>\n<meta name=\"twitter:card\" content=\"summary_large_image\" \/>\n<meta name=\"twitter:label1\" content=\"Gesch\u00e4tzte Lesezeit\" \/>\n\t<meta name=\"twitter:data1\" content=\"2\u00a0Minuten\" \/>\n<script type=\"application\/ld+json\" class=\"yoast-schema-graph\">{\"@context\":\"https:\\\/\\\/schema.org\",\"@graph\":[{\"@type\":\"WebPage\",\"@id\":\"https:\\\/\\\/www.mpbrandschutz.de\\\/?page_id=1251\",\"url\":\"https:\\\/\\\/www.mpbrandschutz.de\\\/?page_id=1251\",\"name\":\"Praktische L\u00f6sch\u00fcbungen\u200b - Security Services\",\"isPartOf\":{\"@id\":\"https:\\\/\\\/www.mpbrandschutz.de\\\/#website\"},\"primaryImageOfPage\":{\"@id\":\"https:\\\/\\\/www.mpbrandschutz.de\\\/?page_id=1251#primaryimage\"},\"image\":{\"@id\":\"https:\\\/\\\/www.mpbrandschutz.de\\\/?page_id=1251#primaryimage\"},\"thumbnailUrl\":\"https:\\\/\\\/www.mpbrandschutz.de\\\/wp-content\\\/uploads\\\/2022\\\/09\\\/firefighters-fire-firefighting-115800-1024x686.jpg\",\"datePublished\":\"2022-03-29T14:03:13+00:00\",\"dateModified\":\"2022-10-06T16:38:06+00:00\",\"breadcrumb\":{\"@id\":\"https:\\\/\\\/www.mpbrandschutz.de\\\/?page_id=1251#breadcrumb\"},\"inLanguage\":\"de\",\"potentialAction\":[{\"@type\":\"ReadAction\",\"target\":[\"https:\\\/\\\/www.mpbrandschutz.de\\\/?page_id=1251\"]}]},{\"@type\":\"ImageObject\",\"inLanguage\":\"de\",\"@id\":\"https:\\\/\\\/www.mpbrandschutz.de\\\/?page_id=1251#primaryimage\",\"url\":\"https:\\\/\\\/www.mpbrandschutz.de\\\/wp-content\\\/uploads\\\/2022\\\/09\\\/firefighters-fire-firefighting-115800.jpg\",\"contentUrl\":\"https:\\\/\\\/www.mpbrandschutz.de\\\/wp-content\\\/uploads\\\/2022\\\/09\\\/firefighters-fire-firefighting-115800.jpg\",\"width\":1280,\"height\":857,\"caption\":\"firefighters, fire, firefighting-115800.jpg\"},{\"@type\":\"BreadcrumbList\",\"@id\":\"https:\\\/\\\/www.mpbrandschutz.de\\\/?page_id=1251#breadcrumb\",\"itemListElement\":[{\"@type\":\"ListItem\",\"position\":1,\"name\":\"Startseite\",\"item\":\"https:\\\/\\\/www.mpbrandschutz.de\\\/\"},{\"@type\":\"ListItem\",\"position\":2,\"name\":\"Praktische L\u00f6sch\u00fcbungen\u200b\"}]},{\"@type\":\"WebSite\",\"@id\":\"https:\\\/\\\/www.mpbrandschutz.de\\\/#website\",\"url\":\"https:\\\/\\\/www.mpbrandschutz.de\\\/\",\"name\":\"Security Services\",\"description\":\"Your Trusted Security Services\",\"publisher\":{\"@id\":\"https:\\\/\\\/www.mpbrandschutz.de\\\/#organization\"},\"potentialAction\":[{\"@type\":\"SearchAction\",\"target\":{\"@type\":\"EntryPoint\",\"urlTemplate\":\"https:\\\/\\\/www.mpbrandschutz.de\\\/?s={search_term_string}\"},\"query-input\":{\"@type\":\"PropertyValueSpecification\",\"valueRequired\":true,\"valueName\":\"search_term_string\"}}],\"inLanguage\":\"de\"},{\"@type\":\"Organization\",\"@id\":\"https:\\\/\\\/www.mpbrandschutz.de\\\/#organization\",\"name\":\"Security Services\",\"url\":\"https:\\\/\\\/www.mpbrandschutz.de\\\/\",\"logo\":{\"@type\":\"ImageObject\",\"inLanguage\":\"de\",\"@id\":\"https:\\\/\\\/www.mpbrandschutz.de\\\/#\\\/schema\\\/logo\\\/image\\\/\",\"url\":\"https:\\\/\\\/www.mpbrandschutz.de\\\/wp-content\\\/uploads\\\/2022\\\/03\\\/2022-03-10_14h20_57.png\",\"contentUrl\":\"https:\\\/\\\/www.mpbrandschutz.de\\\/wp-content\\\/uploads\\\/2022\\\/03\\\/2022-03-10_14h20_57.png\",\"width\":352,\"height\":91,\"caption\":\"Security Services\"},\"image\":{\"@id\":\"https:\\\/\\\/www.mpbrandschutz.de\\\/#\\\/schema\\\/logo\\\/image\\\/\"}}]}<\/script>\n<!-- \/ Yoast SEO plugin. -->","yoast_head_json":{"title":"Praktische L\u00f6sch\u00fcbungen\u200b - Security Services","robots":{"index":"index","follow":"follow","max-snippet":"max-snippet:-1","max-image-preview":"max-image-preview:large","max-video-preview":"max-video-preview:-1"},"canonical":"https:\/\/www.mpbrandschutz.de\/?page_id=1251","og_locale":"de_DE","og_type":"article","og_title":"Praktische L\u00f6sch\u00fcbungen\u200b - Security Services","og_description":"Praktische L\u00f6sch\u00fcbungen Wir \u00fcbernehmen nur den praktischen Teil der Ausbildung, entweder wie gefordert in der DGUV 205-023 oder als Zusatz zu der aktuellen ASR A2.2 &#8211; Schulung der Mitarbeiter nach der internen Brandschutzordnung. Unser Angebot f\u00fcr alle, die Ihre Mitarbeiter theoretisch selber Unterweisen k\u00f6nnen. F\u00fcr alle die einen Brandschutzbeauftragen im Betrieb haben und die Brandschutzhelfer [&hellip;]","og_url":"https:\/\/www.mpbrandschutz.de\/?page_id=1251","og_site_name":"Security Services","article_modified_time":"2022-10-06T16:38:06+00:00","og_image":[{"url":"https:\/\/www.mpbrandschutz.de\/wp-content\/uploads\/2022\/09\/firefighters-fire-firefighting-115800-1024x686.jpg","type":"","width":"","height":""}],"twitter_card":"summary_large_image","twitter_misc":{"Gesch\u00e4tzte Lesezeit":"2\u00a0Minuten"},"schema":{"@context":"https:\/\/schema.org","@graph":[{"@type":"WebPage","@id":"https:\/\/www.mpbrandschutz.de\/?page_id=1251","url":"https:\/\/www.mpbrandschutz.de\/?page_id=1251","name":"Praktische L\u00f6sch\u00fcbungen\u200b - Security Services","isPartOf":{"@id":"https:\/\/www.mpbrandschutz.de\/#website"},"primaryImageOfPage":{"@id":"https:\/\/www.mpbrandschutz.de\/?page_id=1251#primaryimage"},"image":{"@id":"https:\/\/www.mpbrandschutz.de\/?page_id=1251#primaryimage"},"thumbnailUrl":"https:\/\/www.mpbrandschutz.de\/wp-content\/uploads\/2022\/09\/firefighters-fire-firefighting-115800-1024x686.jpg","datePublished":"2022-03-29T14:03:13+00:00","dateModified":"2022-10-06T16:38:06+00:00","breadcrumb":{"@id":"https:\/\/www.mpbrandschutz.de\/?page_id=1251#breadcrumb"},"inLanguage":"de","potentialAction":[{"@type":"ReadAction","target":["https:\/\/www.mpbrandschutz.de\/?page_id=1251"]}]},{"@type":"ImageObject","inLanguage":"de","@id":"https:\/\/www.mpbrandschutz.de\/?page_id=1251#primaryimage","url":"https:\/\/www.mpbrandschutz.de\/wp-content\/uploads\/2022\/09\/firefighters-fire-firefighting-115800.jpg","contentUrl":"https:\/\/www.mpbrandschutz.de\/wp-content\/uploads\/2022\/09\/firefighters-fire-firefighting-115800.jpg","width":1280,"height":857,"caption":"firefighters, fire, firefighting-115800.jpg"},{"@type":"BreadcrumbList","@id":"https:\/\/www.mpbrandschutz.de\/?page_id=1251#breadcrumb","itemListElement":[{"@type":"ListItem","position":1,"name":"Startseite","item":"https:\/\/www.mpbrandschutz.de\/"},{"@type":"ListItem","position":2,"name":"Praktische L\u00f6sch\u00fcbungen\u200b"}]},{"@type":"WebSite","@id":"https:\/\/www.mpbrandschutz.de\/#website","url":"https:\/\/www.mpbrandschutz.de\/","name":"Security Services","description":"Your Trusted Security Services","publisher":{"@id":"https:\/\/www.mpbrandschutz.de\/#organization"},"potentialAction":[{"@type":"SearchAction","target":{"@type":"EntryPoint","urlTemplate":"https:\/\/www.mpbrandschutz.de\/?s={search_term_string}"},"query-input":{"@type":"PropertyValueSpecification","valueRequired":true,"valueName":"search_term_string"}}],"inLanguage":"de"},{"@type":"Organization","@id":"https:\/\/www.mpbrandschutz.de\/#organization","name":"Security Services","url":"https:\/\/www.mpbrandschutz.de\/","logo":{"@type":"ImageObject","inLanguage":"de","@id":"https:\/\/www.mpbrandschutz.de\/#\/schema\/logo\/image\/","url":"https:\/\/www.mpbrandschutz.de\/wp-content\/uploads\/2022\/03\/2022-03-10_14h20_57.png","contentUrl":"https:\/\/www.mpbrandschutz.de\/wp-content\/uploads\/2022\/03\/2022-03-10_14h20_57.png","width":352,"height":91,"caption":"Security Services"},"image":{"@id":"https:\/\/www.mpbrandschutz.de\/#\/schema\/logo\/image\/"}}]}},"_links":{"self":[{"href":"https:\/\/www.mpbrandschutz.de\/index.php?rest_route=\/wp\/v2\/pages\/1251","targetHints":{"allow":["GET"]}}],"collection":[{"href":"https:\/\/www.mpbrandschutz.de\/index.php?rest_route=\/wp\/v2\/pages"}],"about":[{"href":"https:\/\/www.mpbrandschutz.de\/index.php?rest_route=\/wp\/v2\/types\/page"}],"author":[{"embeddable":true,"href":"https:\/\/www.mpbrandschutz.de\/index.php?rest_route=\/wp\/v2\/users\/2"}],"replies":[{"embeddable":true,"href":"https:\/\/www.mpbrandschutz.de\/index.php?rest_route=%2Fwp%2Fv2%2Fcomments&post=1251"}],"version-history":[{"count":47,"href":"https:\/\/www.mpbrandschutz.de\/index.php?rest_route=\/wp\/v2\/pages\/1251\/revisions"}],"predecessor-version":[{"id":2196,"href":"https:\/\/www.mpbrandschutz.de\/index.php?rest_route=\/wp\/v2\/pages\/1251\/revisions\/2196"}],"wp:attachment":[{"href":"https:\/\/www.mpbrandschutz.de\/index.php?rest_route=%2Fwp%2Fv2%2Fmedia&parent=1251"}],"curies":[{"name":"wp","href":"https:\/\/api.w.org\/{rel}","templated":true}]}}